{"id":7544,"date":"2025-02-10T13:08:55","date_gmt":"2025-02-10T05:08:55","guid":{"rendered":"https:\/\/www.sinoglass.com\/?post_type=product&#038;p=7544"},"modified":"2026-04-16T15:32:19","modified_gmt":"2026-04-16T07:32:19","slug":"large-glass-tumbler","status":"publish","type":"product","link":"https:\/\/www.sinoglass.com\/fr\/product\/large-glass-tumbler\/","title":{"rendered":"Grand couvercle en verre tremp\u00e9 #69834002"},"content":{"rendered":"<p>Gardez une conscience pure lorsque vous satisfaisez votre grande soif avec CLEAR DAY. Trois mat\u00e9riaux durables se combinent dans ce verre en borosilicate s\u00fbr et \u00e9cologique. Une longue paille en acier inoxydable est stabilis\u00e9e par un bouchon en silicone. Le bouchon est un filtre en silicium qui prot\u00e8ge le fond du verre. Ajouter des fruits pour une boisson infus\u00e9e n'est pas un probl\u00e8me. Une autre base douce prot\u00e8ge le fond. Remplissez-le, mettez-le sur votre bureau, et vous&#8217; r\u00e9gl\u00e9e pour toute la journ\u00e9e.<\/p>","protected":false},"excerpt":{"rendered":"<ul>\n<li>Verre de borosilicate respectueux de la terre.<\/li>\n<li>Base en silicone s\u00fbre et douce.<\/li>\n<li>Paille en acier inoxydable.<\/li>\n<li>Filtre protecteur en silicone \/ porte-paille.<\/li>\n<li>Poign\u00e9e grande et confortable.<\/li>\n<li>de l'ECO. Collection LIFE.<\/li>\n<\/ul>","protected":false},"featured_media":7555,"comment_status":"open","ping_status":"closed","template":"","meta":{"_acf_changed":false},"product_brand":[],"product_cat":[218,121,75],"product_tag":[],"class_list":{"0":"post-7544","1":"product","2":"type-product","3":"status-publish","4":"has-post-thumbnail","6":"product_cat-eco-friendly","7":"product_cat-glass-mug","8":"product_cat-tumblers-mugs","10":"first","11":"instock","12":"shipping-taxable","13":"purchasable","14":"product-type-variable"},"acf":[],"_links":{"self":[{"href":"https:\/\/www.sinoglass.com\/fr\/wp-json\/wp\/v2\/product\/7544","targetHints":{"allow":["GET"]}}],"collection":[{"href":"https:\/\/www.sinoglass.com\/fr\/wp-json\/wp\/v2\/product"}],"about":[{"href":"https:\/\/www.sinoglass.com\/fr\/wp-json\/wp\/v2\/types\/product"}],"replies":[{"embeddable":true,"href":"https:\/\/www.sinoglass.com\/fr\/wp-json\/wp\/v2\/comments?post=7544"}],"wp:featuredmedia":[{"embeddable":true,"href":"https:\/\/www.sinoglass.com\/fr\/wp-json\/wp\/v2\/media\/7555"}],"wp:attachment":[{"href":"https:\/\/www.sinoglass.com\/fr\/wp-json\/wp\/v2\/media?parent=7544"}],"wp:term":[{"taxonomy":"product_brand","embeddable":true,"href":"https:\/\/www.sinoglass.com\/fr\/wp-json\/wp\/v2\/product_brand?post=7544"},{"taxonomy":"product_cat","embeddable":true,"href":"https:\/\/www.sinoglass.com\/fr\/wp-json\/wp\/v2\/product_cat?post=7544"},{"taxonomy":"product_tag","embeddable":true,"href":"https:\/\/www.sinoglass.com\/fr\/wp-json\/wp\/v2\/product_tag?post=7544"}],"curies":[{"name":"WP","href":"https:\/\/api.w.org\/{rel}","templated":true}]}}