{"id":7524,"date":"2025-02-10T11:27:12","date_gmt":"2025-02-10T03:27:12","guid":{"rendered":"https:\/\/www.sinoglass.com\/?post_type=product&#038;p=7524"},"modified":"2025-10-21T13:41:32","modified_gmt":"2025-10-21T05:41:32","slug":"glass-and-silicone-coffee-mug","status":"publish","type":"product","link":"https:\/\/www.sinoglass.com\/fr\/product\/glass-and-silicone-coffee-mug\/","title":{"rendered":"tasse de caf\u00e9 en verre et en silicone &#8211; Ecologique #69404002"},"content":{"rendered":"<p>Notre ECO. La tasse en borosilicate de la s\u00e9rie LIFE est un portable partout, une innovation con\u00e7ue pour le confort et l'utilisation constante. Aucune tasse jetable n'est n\u00e9cessaire avec SOFT TOUCH. Nous utilisons trois mat\u00e9riaux durables : le verre, le silicone doux et l\u2019acier inoxydable. L'onglet sur le grand bec est en silicone doux - il suffit de soulever et de d\u00e9placer. Un anneau en acier inoxydable avec un joint en silicone maintient votre boisson chaude ou froide en toute s\u00e9curit\u00e9 \u00e0 l'int\u00e9rieur (ne le tournez pas \u00e0 l'envers). La zone de prise est une bague en silicone s\u00e9curis\u00e9e et protectrice.<\/p>","protected":false},"excerpt":{"rendered":"<ul>\n<li>Cupe portable en borosilicate avec silicone doux.<\/li>\n<li>Bague en acier inoxydable pour un joint s\u00e9curis\u00e9.<\/li>\n<li>Design non plastique.<\/li>\n<li>de l'ECO. Collection LIFE.<\/li>\n<\/ul>","protected":false},"featured_media":7533,"comment_status":"open","ping_status":"closed","template":"","meta":{"_acf_changed":false},"product_brand":[],"product_cat":[218,121,75],"product_tag":[],"class_list":{"0":"post-7524","1":"product","2":"type-product","3":"status-publish","4":"has-post-thumbnail","6":"product_cat-eco-friendly","7":"product_cat-glass-mug","8":"product_cat-tumblers-mugs","10":"first","11":"instock","12":"shipping-taxable","13":"purchasable","14":"product-type-variable"},"acf":[],"_links":{"self":[{"href":"https:\/\/www.sinoglass.com\/fr\/wp-json\/wp\/v2\/product\/7524","targetHints":{"allow":["GET"]}}],"collection":[{"href":"https:\/\/www.sinoglass.com\/fr\/wp-json\/wp\/v2\/product"}],"about":[{"href":"https:\/\/www.sinoglass.com\/fr\/wp-json\/wp\/v2\/types\/product"}],"replies":[{"embeddable":true,"href":"https:\/\/www.sinoglass.com\/fr\/wp-json\/wp\/v2\/comments?post=7524"}],"wp:featuredmedia":[{"embeddable":true,"href":"https:\/\/www.sinoglass.com\/fr\/wp-json\/wp\/v2\/media\/7533"}],"wp:attachment":[{"href":"https:\/\/www.sinoglass.com\/fr\/wp-json\/wp\/v2\/media?parent=7524"}],"wp:term":[{"taxonomy":"product_brand","embeddable":true,"href":"https:\/\/www.sinoglass.com\/fr\/wp-json\/wp\/v2\/product_brand?post=7524"},{"taxonomy":"product_cat","embeddable":true,"href":"https:\/\/www.sinoglass.com\/fr\/wp-json\/wp\/v2\/product_cat?post=7524"},{"taxonomy":"product_tag","embeddable":true,"href":"https:\/\/www.sinoglass.com\/fr\/wp-json\/wp\/v2\/product_tag?post=7524"}],"curies":[{"name":"WP","href":"https:\/\/api.w.org\/{rel}","templated":true}]}}