{"id":7469,"date":"2025-02-08T17:03:39","date_gmt":"2025-02-08T09:03:39","guid":{"rendered":"https:\/\/www.sinoglass.com\/?post_type=product&#038;p=7469"},"modified":"2026-04-16T15:31:23","modified_gmt":"2026-04-16T07:31:23","slug":"glass-salt-pepper-mills","status":"publish","type":"product","link":"https:\/\/www.sinoglass.com\/fr\/product\/glass-salt-pepper-mills\/","title":{"rendered":"Moulins \u00e0 sel\/poivre #79442003"},"content":{"rendered":"<p>Un moulin invers\u00e9 peut avoir une place \u00e0 la fois dans votre cuisine et sur votre table. Le moulin TOP OVER est disponible en trois tailles. La version 5 pouces est un compl\u00e9ment de table parfait. Pour plus de capacit\u00e9 de cuisine, les options de 6 et 8 pouces fournissent beaucoup de sel frais moulu et de poivre pour toutes vos aventures culinaires. Trois choix de couleurs offrent \u00e9galement des options de style.<\/p>","protected":false},"excerpt":{"rendered":"<ul>\n<li>Corps en verre moulin invers\u00e9.<\/li>\n<li>M\u00e9canisme en c\u00e9ramique r\u00e9glable de fin \u00e0 grossier.<\/li>\n<li>Moli\u00e8re confortable et grande.<\/li>\n<li>Disponible en tailles 5, 6 et 8 pouces.<\/li>\n<li>Choix de haut noir, blanc ou gris.<\/li>\n<\/ul>","protected":false},"featured_media":7471,"comment_status":"open","ping_status":"closed","template":"","meta":{"_acf_changed":false},"product_brand":[],"product_cat":[268,71],"product_tag":[],"class_list":{"0":"post-7469","1":"product","2":"type-product","3":"status-publish","4":"has-post-thumbnail","6":"product_cat-glass-plastic-mills","7":"product_cat-mills-grinders","9":"first","10":"instock","11":"shipping-taxable","12":"purchasable","13":"product-type-variable"},"acf":[],"_links":{"self":[{"href":"https:\/\/www.sinoglass.com\/fr\/wp-json\/wp\/v2\/product\/7469","targetHints":{"allow":["GET"]}}],"collection":[{"href":"https:\/\/www.sinoglass.com\/fr\/wp-json\/wp\/v2\/product"}],"about":[{"href":"https:\/\/www.sinoglass.com\/fr\/wp-json\/wp\/v2\/types\/product"}],"replies":[{"embeddable":true,"href":"https:\/\/www.sinoglass.com\/fr\/wp-json\/wp\/v2\/comments?post=7469"}],"wp:featuredmedia":[{"embeddable":true,"href":"https:\/\/www.sinoglass.com\/fr\/wp-json\/wp\/v2\/media\/7471"}],"wp:attachment":[{"href":"https:\/\/www.sinoglass.com\/fr\/wp-json\/wp\/v2\/media?parent=7469"}],"wp:term":[{"taxonomy":"product_brand","embeddable":true,"href":"https:\/\/www.sinoglass.com\/fr\/wp-json\/wp\/v2\/product_brand?post=7469"},{"taxonomy":"product_cat","embeddable":true,"href":"https:\/\/www.sinoglass.com\/fr\/wp-json\/wp\/v2\/product_cat?post=7469"},{"taxonomy":"product_tag","embeddable":true,"href":"https:\/\/www.sinoglass.com\/fr\/wp-json\/wp\/v2\/product_tag?post=7469"}],"curies":[{"name":"WP","href":"https:\/\/api.w.org\/{rel}","templated":true}]}}