{"id":7454,"date":"2025-02-08T16:52:41","date_gmt":"2025-02-08T08:52:41","guid":{"rendered":"https:\/\/www.sinoglass.com\/?post_type=product&#038;p=7454"},"modified":"2025-10-21T13:36:00","modified_gmt":"2025-10-21T05:36:00","slug":"clear-glass-oil-and-vinegar-dispenser","status":"publish","type":"product","link":"https:\/\/www.sinoglass.com\/fr\/product\/clear-glass-oil-and-vinegar-dispenser\/","title":{"rendered":"Distributeur d'huile et de vinaigre en verre transparent double bec de versement #79452001"},"content":{"rendered":"<p>Des lignes propres et un bec en silicone pourraient \u00eatre tout ce dont vous avez besoin pour un ensemble de bouteilles O \/ V \u00e9l\u00e9gant. Une conception \u00e9prouv\u00e9e de la bouteille est surmont\u00e9e d'un couvercle en plastique. Un capuchon transparent s'accroche sur le bec anti-goutte-\u00e0-goutte \u00e0 double sortie, un avantage sp\u00e9cial qui vous permet de choisir des versements \u00e0 volume \u00e9lev\u00e9 ou faible. Trois tailles disponibles vous offrent plusieurs options, comme placer diff\u00e9rents ensembles dans votre cuisine et sur votre table.<\/p>","protected":false},"excerpt":{"rendered":"<ul>\n<li>Set de bouteilles O\/V en verre.<\/li>\n<li>Boit anti-goutte en silicone, deux options de versement.<\/li>\n<li>Couverture poussi\u00e8re transparente.<\/li>\n<li>Trois tailles disponibles.<\/li>\n<\/ul>","protected":false},"featured_media":7465,"comment_status":"open","ping_status":"closed","template":"","meta":{"_acf_changed":false},"product_brand":[],"product_cat":[69,250],"product_tag":[],"class_list":{"0":"post-7454","1":"product","2":"type-product","3":"status-publish","4":"has-post-thumbnail","6":"product_cat-oil-dispensers","7":"product_cat-oil-vinegar-dispenser","9":"first","10":"instock","11":"shipping-taxable","12":"purchasable","13":"product-type-variable"},"acf":[],"_links":{"self":[{"href":"https:\/\/www.sinoglass.com\/fr\/wp-json\/wp\/v2\/product\/7454","targetHints":{"allow":["GET"]}}],"collection":[{"href":"https:\/\/www.sinoglass.com\/fr\/wp-json\/wp\/v2\/product"}],"about":[{"href":"https:\/\/www.sinoglass.com\/fr\/wp-json\/wp\/v2\/types\/product"}],"replies":[{"embeddable":true,"href":"https:\/\/www.sinoglass.com\/fr\/wp-json\/wp\/v2\/comments?post=7454"}],"wp:featuredmedia":[{"embeddable":true,"href":"https:\/\/www.sinoglass.com\/fr\/wp-json\/wp\/v2\/media\/7465"}],"wp:attachment":[{"href":"https:\/\/www.sinoglass.com\/fr\/wp-json\/wp\/v2\/media?parent=7454"}],"wp:term":[{"taxonomy":"product_brand","embeddable":true,"href":"https:\/\/www.sinoglass.com\/fr\/wp-json\/wp\/v2\/product_brand?post=7454"},{"taxonomy":"product_cat","embeddable":true,"href":"https:\/\/www.sinoglass.com\/fr\/wp-json\/wp\/v2\/product_cat?post=7454"},{"taxonomy":"product_tag","embeddable":true,"href":"https:\/\/www.sinoglass.com\/fr\/wp-json\/wp\/v2\/product_tag?post=7454"}],"curies":[{"name":"WP","href":"https:\/\/api.w.org\/{rel}","templated":true}]}}