{"id":7383,"date":"2025-02-08T15:38:30","date_gmt":"2025-02-08T07:38:30","guid":{"rendered":"https:\/\/www.sinoglass.com\/?post_type=product&#038;p=7383"},"modified":"2025-10-21T13:37:28","modified_gmt":"2025-10-21T05:37:28","slug":"glass-storage-jars-tempered-lid","status":"publish","type":"product","link":"https:\/\/www.sinoglass.com\/fr\/product\/glass-storage-jars-tempered-lid\/","title":{"rendered":"Bocs de stockage en verre couvercle tremp\u00e9 #99384000"},"content":{"rendered":"<p>Notre pot TOUGH LID CLASSIC est un pot rond en borosilicate avec un couvercle en verre tremp\u00e9 transparent pour la s\u00e9curit\u00e9 et la visibilit\u00e9. Il&#8217; s pas de plastique ici, juste du verre et un joint en silicone s\u00e9curis\u00e9. Tirez vers le haut l'onglet de ventilation centrale, ouvrez le pot, placez le couvercle, puis poussez vers le bas pour fermer, verrouillant l'air et scellant dans la fra\u00eecheur.<\/p>","protected":false},"excerpt":{"rendered":"<ul>\n<li>Couverture en verre tremp\u00e9, s\u00fbr et transparent.<\/li>\n<li>Stockage rond de borosilicate.<\/li>\n<li>Conception sans plastique.<\/li>\n<li>Vanne en silicone de haute qualit\u00e9.<\/li>\n<li>Quatre tailles disponibles.<\/li>\n<\/ul>","protected":false},"featured_media":7392,"comment_status":"open","ping_status":"closed","template":"","meta":{"_acf_changed":false},"product_brand":[],"product_cat":[218,100,68],"product_tag":[],"class_list":{"0":"post-7383","1":"product","2":"type-product","3":"status-publish","4":"has-post-thumbnail","6":"product_cat-eco-friendly","7":"product_cat-glass-storage-jar","8":"product_cat-storage-jars","10":"first","11":"instock","12":"shipping-taxable","13":"purchasable","14":"product-type-variable","15":"has-default-attributes"},"acf":[],"_links":{"self":[{"href":"https:\/\/www.sinoglass.com\/fr\/wp-json\/wp\/v2\/product\/7383","targetHints":{"allow":["GET"]}}],"collection":[{"href":"https:\/\/www.sinoglass.com\/fr\/wp-json\/wp\/v2\/product"}],"about":[{"href":"https:\/\/www.sinoglass.com\/fr\/wp-json\/wp\/v2\/types\/product"}],"replies":[{"embeddable":true,"href":"https:\/\/www.sinoglass.com\/fr\/wp-json\/wp\/v2\/comments?post=7383"}],"wp:featuredmedia":[{"embeddable":true,"href":"https:\/\/www.sinoglass.com\/fr\/wp-json\/wp\/v2\/media\/7392"}],"wp:attachment":[{"href":"https:\/\/www.sinoglass.com\/fr\/wp-json\/wp\/v2\/media?parent=7383"}],"wp:term":[{"taxonomy":"product_brand","embeddable":true,"href":"https:\/\/www.sinoglass.com\/fr\/wp-json\/wp\/v2\/product_brand?post=7383"},{"taxonomy":"product_cat","embeddable":true,"href":"https:\/\/www.sinoglass.com\/fr\/wp-json\/wp\/v2\/product_cat?post=7383"},{"taxonomy":"product_tag","embeddable":true,"href":"https:\/\/www.sinoglass.com\/fr\/wp-json\/wp\/v2\/product_tag?post=7383"}],"curies":[{"name":"WP","href":"https:\/\/api.w.org\/{rel}","templated":true}]}}