{"id":7353,"date":"2025-02-07T16:57:12","date_gmt":"2025-02-07T08:57:12","guid":{"rendered":"https:\/\/www.sinoglass.com\/?post_type=product&#038;p=7353"},"modified":"2025-10-21T13:40:16","modified_gmt":"2025-10-21T05:40:16","slug":"flex-carry-s-s-portable-thermal-bottle","status":"publish","type":"product","link":"https:\/\/www.sinoglass.com\/fr\/product\/flex-carry-s-s-portable-thermal-bottle\/","title":{"rendered":"Bouteille thermique portable Flex Carry S\/S #69114001"},"content":{"rendered":"<p>Appuyez sur un bouton, versez votre boisson. Ensuite versez un peu plus. FLEX CARRY S\/S est une grande bouteille qui&#8217; Id\u00e9al pour l'hydratation toute la journ\u00e9e. Une grosse poign\u00e9e vous entrave-t-elle ? Pas de probl\u00e8me, FLEX CARRY S\/S a une poign\u00e9e en silicone flexible, une prise en main facile qui garde un profil mince lorsque vous&#8217; re fait. Appuyez sur le bouton pour ouvrir le couvercle d'\u00e9tanch\u00e9it\u00e9 et versez votre boisson dans le couvercle tournant en acier inoxydable, qui est \u00e9galement une tasse \u00e0 boire. La bouteille thermique maintient votre boisson aussi chaude ou froide que vous le souhaitez. Attachez une sangle pour encore plus d'options de transport.<\/p>","protected":false},"excerpt":{"rendered":"<ul>\n<li>Poign\u00e9e en silicone flexible maintient un profil mince<\/li>\n<li>Thermal S\/S maintient la temp\u00e9rature efficacement<\/li>\n<li>Le couvercle activ\u00e9 par bouton scelle l'ouverture<\/li>\n<li>Couverture tordue en acier inoxydable double comme tasse \u00e0 boire<\/li>\n<li>Attachez une sangle pour plus d'options de transport<\/li>\n<li>Deux capacit\u00e9s et deux couleurs<\/li>\n<\/ul>","protected":false},"featured_media":7348,"comment_status":"open","ping_status":"closed","template":"","meta":{"_acf_changed":false},"product_brand":[],"product_cat":[73,92],"product_tag":[],"class_list":{"0":"post-7353","1":"product","2":"type-product","3":"status-publish","4":"has-post-thumbnail","6":"product_cat-insulated-bottle","7":"product_cat-water-bottles","9":"first","10":"instock","11":"shipping-taxable","12":"purchasable","13":"product-type-variable"},"acf":[],"_links":{"self":[{"href":"https:\/\/www.sinoglass.com\/fr\/wp-json\/wp\/v2\/product\/7353","targetHints":{"allow":["GET"]}}],"collection":[{"href":"https:\/\/www.sinoglass.com\/fr\/wp-json\/wp\/v2\/product"}],"about":[{"href":"https:\/\/www.sinoglass.com\/fr\/wp-json\/wp\/v2\/types\/product"}],"replies":[{"embeddable":true,"href":"https:\/\/www.sinoglass.com\/fr\/wp-json\/wp\/v2\/comments?post=7353"}],"wp:featuredmedia":[{"embeddable":true,"href":"https:\/\/www.sinoglass.com\/fr\/wp-json\/wp\/v2\/media\/7348"}],"wp:attachment":[{"href":"https:\/\/www.sinoglass.com\/fr\/wp-json\/wp\/v2\/media?parent=7353"}],"wp:term":[{"taxonomy":"product_brand","embeddable":true,"href":"https:\/\/www.sinoglass.com\/fr\/wp-json\/wp\/v2\/product_brand?post=7353"},{"taxonomy":"product_cat","embeddable":true,"href":"https:\/\/www.sinoglass.com\/fr\/wp-json\/wp\/v2\/product_cat?post=7353"},{"taxonomy":"product_tag","embeddable":true,"href":"https:\/\/www.sinoglass.com\/fr\/wp-json\/wp\/v2\/product_tag?post=7353"}],"curies":[{"name":"WP","href":"https:\/\/api.w.org\/{rel}","templated":true}]}}