{"id":7339,"date":"2025-02-07T16:34:52","date_gmt":"2025-02-07T08:34:52","guid":{"rendered":"https:\/\/www.sinoglass.com\/?post_type=product&#038;p=7339"},"modified":"2026-04-16T15:34:14","modified_gmt":"2026-04-16T07:34:14","slug":"dual-portable-thermal-bottle","status":"publish","type":"product","link":"https:\/\/www.sinoglass.com\/fr\/product\/dual-portable-thermal-bottle\/","title":{"rendered":"Flex Carry S\/S double bouteille thermique portable #69114001"},"content":{"rendered":"<p>Une grande bouteille en acier inoxydable est id\u00e9ale pour l'hydratation toute la journ\u00e9e, mais parfois une grande poign\u00e9e se met dans le chemin. FLEX CARRY S\/S corrige cela avec une poign\u00e9e en silicone flexible, une poign\u00e9e confortable qui garde un profil mince lorsque vous&#8217; re fait. La version DUAL dispose de deux options de boisson. Appuyez sur le bouton, le couvercle s'ouvre et le bec central se l\u00e8ve pour d\u00e9celler vos choix - sirotez du centre, ou versez du c\u00f4t\u00e9 dans le couvercle en acier inoxydable. Fermer le couvercle d\u00e9prime le bec et scelle les deux ouvertures. Le thermique FLEX CARRY S\/S maintient votre boisson aussi chaude ou froide que vous le souhaitez.<\/p>","protected":false},"excerpt":{"rendered":"<ul>\n<li>Poign\u00e9e en silicone flexible maintient un profil mince<\/li>\n<li>Thermal S\/S maintient la temp\u00e9rature efficacement<\/li>\n<li>Couverture activ\u00e9e par bouton d\u00e9scelle les deux options de boisson<\/li>\n<li>Sortez du bec pop-up ou versez du c\u00f4t\u00e9<\/li>\n<li>Couverture tordue en acier inoxydable double comme tasse \u00e0 boire<\/li>\n<li>Attachez une sangle pour plus d'options de transport<\/li>\n<li>Deux capacit\u00e9s et deux couleurs<\/li>\n<\/ul>","protected":false},"featured_media":7348,"comment_status":"open","ping_status":"closed","template":"","meta":{"_acf_changed":false},"product_brand":[],"product_cat":[73,92],"product_tag":[],"class_list":{"0":"post-7339","1":"product","2":"type-product","3":"status-publish","4":"has-post-thumbnail","6":"product_cat-insulated-bottle","7":"product_cat-water-bottles","9":"first","10":"instock","11":"shipping-taxable","12":"purchasable","13":"product-type-variable"},"acf":[],"_links":{"self":[{"href":"https:\/\/www.sinoglass.com\/fr\/wp-json\/wp\/v2\/product\/7339","targetHints":{"allow":["GET"]}}],"collection":[{"href":"https:\/\/www.sinoglass.com\/fr\/wp-json\/wp\/v2\/product"}],"about":[{"href":"https:\/\/www.sinoglass.com\/fr\/wp-json\/wp\/v2\/types\/product"}],"replies":[{"embeddable":true,"href":"https:\/\/www.sinoglass.com\/fr\/wp-json\/wp\/v2\/comments?post=7339"}],"wp:featuredmedia":[{"embeddable":true,"href":"https:\/\/www.sinoglass.com\/fr\/wp-json\/wp\/v2\/media\/7348"}],"wp:attachment":[{"href":"https:\/\/www.sinoglass.com\/fr\/wp-json\/wp\/v2\/media?parent=7339"}],"wp:term":[{"taxonomy":"product_brand","embeddable":true,"href":"https:\/\/www.sinoglass.com\/fr\/wp-json\/wp\/v2\/product_brand?post=7339"},{"taxonomy":"product_cat","embeddable":true,"href":"https:\/\/www.sinoglass.com\/fr\/wp-json\/wp\/v2\/product_cat?post=7339"},{"taxonomy":"product_tag","embeddable":true,"href":"https:\/\/www.sinoglass.com\/fr\/wp-json\/wp\/v2\/product_tag?post=7339"}],"curies":[{"name":"WP","href":"https:\/\/api.w.org\/{rel}","templated":true}]}}