{"id":7330,"date":"2025-02-07T16:20:58","date_gmt":"2025-02-07T08:20:58","guid":{"rendered":"https:\/\/www.sinoglass.com\/?post_type=product&#038;p=7330"},"modified":"2025-10-21T13:35:10","modified_gmt":"2025-10-21T05:35:10","slug":"olive-oil-glass-bottles","status":"publish","type":"product","link":"https:\/\/www.sinoglass.com\/fr\/product\/olive-oil-glass-bottles\/","title":{"rendered":"Bouteilles en verre d'huile d'olive avec rack &#8211; Ecologique #79479003"},"content":{"rendered":"<p>La d\u00e9finition de &#8220; \u00e9l\u00e9gant&#8221;  is &#8220; gracieux et \u00e9l\u00e9gant. &#8221; Vous pouvez lire cela dans un dictionnaire, ou vous pouvez regarder nos nouvelles bouteilles O\/V, JUST TWO. Borosilicate verre et bois \u2013 que&#8217; Les deux mat\u00e9riaux sont beaux, les deux mat\u00e9riaux sont \u00e9cologiques et ensemble ils ajoutent de l'\u00e9l\u00e9gance \u00e0 votre cuisine et \u00e0 votre table. Faire partie de la collection ECOLIFE, les bouteilles reposent sur un support en bois d'acacia et sont recouvertes par des bouchons en bois d'acacia. Le verre et le bois, juste deux.<\/p>","protected":false},"excerpt":{"rendered":"<ul>\n<li>Bouteilles en verre borosilicate transparentes et hygi\u00e9niques.<\/li>\n<li>Bouchons en bois d'acacia.<\/li>\n<li>Suport en bois d'acacia correspondant.<\/li>\n<li>Fait partie de la collection ECO-LIFE.<\/li>\n<\/ul>","protected":false},"featured_media":7334,"comment_status":"open","ping_status":"closed","template":"","meta":{"_acf_changed":false},"product_brand":[],"product_cat":[218,69,250],"product_tag":[],"class_list":{"0":"post-7330","1":"product","2":"type-product","3":"status-publish","4":"has-post-thumbnail","6":"product_cat-eco-friendly","7":"product_cat-oil-dispensers","8":"product_cat-oil-vinegar-dispenser","10":"first","11":"instock","12":"shipping-taxable","13":"purchasable","14":"product-type-variable"},"acf":[],"_links":{"self":[{"href":"https:\/\/www.sinoglass.com\/fr\/wp-json\/wp\/v2\/product\/7330","targetHints":{"allow":["GET"]}}],"collection":[{"href":"https:\/\/www.sinoglass.com\/fr\/wp-json\/wp\/v2\/product"}],"about":[{"href":"https:\/\/www.sinoglass.com\/fr\/wp-json\/wp\/v2\/types\/product"}],"replies":[{"embeddable":true,"href":"https:\/\/www.sinoglass.com\/fr\/wp-json\/wp\/v2\/comments?post=7330"}],"wp:featuredmedia":[{"embeddable":true,"href":"https:\/\/www.sinoglass.com\/fr\/wp-json\/wp\/v2\/media\/7334"}],"wp:attachment":[{"href":"https:\/\/www.sinoglass.com\/fr\/wp-json\/wp\/v2\/media?parent=7330"}],"wp:term":[{"taxonomy":"product_brand","embeddable":true,"href":"https:\/\/www.sinoglass.com\/fr\/wp-json\/wp\/v2\/product_brand?post=7330"},{"taxonomy":"product_cat","embeddable":true,"href":"https:\/\/www.sinoglass.com\/fr\/wp-json\/wp\/v2\/product_cat?post=7330"},{"taxonomy":"product_tag","embeddable":true,"href":"https:\/\/www.sinoglass.com\/fr\/wp-json\/wp\/v2\/product_tag?post=7330"}],"curies":[{"name":"WP","href":"https:\/\/api.w.org\/{rel}","templated":true}]}}