{"id":7320,"date":"2025-02-07T15:56:16","date_gmt":"2025-02-07T07:56:16","guid":{"rendered":"https:\/\/www.sinoglass.com\/?post_type=product&#038;p=7320"},"modified":"2026-04-16T15:32:13","modified_gmt":"2026-04-16T07:32:13","slug":"glass-canister-with-wooden-lid","status":"publish","type":"product","link":"https:\/\/www.sinoglass.com\/fr\/product\/glass-canister-with-wooden-lid\/","title":{"rendered":"Bouteille en verre avec couvercle en bois &#8211; \u00c9co-amiable #99449001"},"content":{"rendered":"<p>Trois mat\u00e9riaux en combinaison forment le TRIAD, notre nouvel ajout \u00e0 la collection ECO-LIFE. Le couvercle en bois d'acacia est facile \u00e0 enlever avec un bouton en alliage de zinc sur le dessus. Le silicone int\u00e9gr\u00e9 sur le pot en verre assure un \u00e9tanch\u00e9it\u00e9 s\u00e9curis\u00e9. Seuls trois mat\u00e9riaux sont n\u00e9cessaires pour une solution de stockage \u00e9l\u00e9gante et \u00e9cologique. Disponible en triade de tailles.<\/p>","protected":false},"excerpt":{"rendered":"<ul>\n<li>Solution de stockage \u00e9cologique.<\/li>\n<li>Bocs en verre hygi\u00e9niques et robustes.<\/li>\n<li>Couverture en bois d'acacia avec bouton en alliage de zinc.<\/li>\n<li>Fait partie de la collection ECO-LIFE.<\/li>\n<\/ul>","protected":false},"featured_media":7327,"comment_status":"open","ping_status":"closed","template":"","meta":{"_acf_changed":false},"product_brand":[],"product_cat":[102,218,100,68,88],"product_tag":[],"class_list":{"0":"post-7320","1":"product","2":"type-product","3":"status-publish","4":"has-post-thumbnail","6":"product_cat-airtight-food-container","7":"product_cat-eco-friendly","8":"product_cat-glass-storage-jar","9":"product_cat-storage-jars","10":"product_cat-wooden-lid-jar","12":"first","13":"instock","14":"shipping-taxable","15":"purchasable","16":"product-type-variable"},"acf":[],"_links":{"self":[{"href":"https:\/\/www.sinoglass.com\/fr\/wp-json\/wp\/v2\/product\/7320","targetHints":{"allow":["GET"]}}],"collection":[{"href":"https:\/\/www.sinoglass.com\/fr\/wp-json\/wp\/v2\/product"}],"about":[{"href":"https:\/\/www.sinoglass.com\/fr\/wp-json\/wp\/v2\/types\/product"}],"replies":[{"embeddable":true,"href":"https:\/\/www.sinoglass.com\/fr\/wp-json\/wp\/v2\/comments?post=7320"}],"wp:featuredmedia":[{"embeddable":true,"href":"https:\/\/www.sinoglass.com\/fr\/wp-json\/wp\/v2\/media\/7327"}],"wp:attachment":[{"href":"https:\/\/www.sinoglass.com\/fr\/wp-json\/wp\/v2\/media?parent=7320"}],"wp:term":[{"taxonomy":"product_brand","embeddable":true,"href":"https:\/\/www.sinoglass.com\/fr\/wp-json\/wp\/v2\/product_brand?post=7320"},{"taxonomy":"product_cat","embeddable":true,"href":"https:\/\/www.sinoglass.com\/fr\/wp-json\/wp\/v2\/product_cat?post=7320"},{"taxonomy":"product_tag","embeddable":true,"href":"https:\/\/www.sinoglass.com\/fr\/wp-json\/wp\/v2\/product_tag?post=7320"}],"curies":[{"name":"WP","href":"https:\/\/api.w.org\/{rel}","templated":true}]}}