{"id":7308,"date":"2025-02-07T15:24:04","date_gmt":"2025-02-07T07:24:04","guid":{"rendered":"https:\/\/www.sinoglass.com\/?post_type=product&#038;p=7308"},"modified":"2026-04-16T15:31:58","modified_gmt":"2026-04-16T07:31:58","slug":"wooden-salt-and-pepper-mills","status":"publish","type":"product","link":"https:\/\/www.sinoglass.com\/fr\/product\/wooden-salt-and-pepper-mills\/","title":{"rendered":"Moulins au sel et au poivre en bois &#8211; Anneau de couronne #89899005"},"content":{"rendered":"<p>Le sel et le poivre fra\u00eechement moulus peuvent&#8217; t \u00eatre battu pour la saveur. Et notre s\u00e9rie MONARCH peut&#8217; t \u00eatre battu pour le style et la fonction. Le bouton en alliage de zinc sur les moulins de 6 pouces ou de 8 pouces ajuste non seulement la broyeur de fine \u00e0 grossi\u00e8re, le S et le P en haut vous disent si c'est&#8217; sel ou poivre. Le haut grand et confortable rend le broyage un plaisir. Compl\u00e9tant l'ensemble sont des shakers de sel et de poivre de 5 pouces pour ces moments plus d\u00e9contract\u00e9s. Ajouter \u00e0 l'\u00e9l\u00e9gance est une bague unique en acier inoxydable, une touche classique pour le bois.<\/p>","protected":false},"excerpt":{"rendered":"<ul>\n<li>Sel de bois \u00e9l\u00e9gant &amp; moulin \u00e0 poivre et shaker set.<\/li>\n<li>Bague unique en acier inoxydable.<\/li>\n<li>S et P pratiques sur le bouton en alliage de zinc.<\/li>\n<li>M\u00e9canisme en c\u00e9ramique \u00e0 vie.<\/li>\n<li>Trois vrais bois disponibles: Acacia, h\u00eatre, caoutchouc.<\/li>\n<\/ul>","protected":false},"featured_media":7310,"comment_status":"open","ping_status":"closed","template":"","meta":{"_acf_changed":false},"product_brand":[],"product_cat":[218,71,89],"product_tag":[],"class_list":{"0":"post-7308","1":"product","2":"type-product","3":"status-publish","4":"has-post-thumbnail","6":"product_cat-eco-friendly","7":"product_cat-mills-grinders","8":"product_cat-wood-mill","10":"first","11":"instock","12":"shipping-taxable","13":"purchasable","14":"product-type-variable"},"acf":[],"_links":{"self":[{"href":"https:\/\/www.sinoglass.com\/fr\/wp-json\/wp\/v2\/product\/7308","targetHints":{"allow":["GET"]}}],"collection":[{"href":"https:\/\/www.sinoglass.com\/fr\/wp-json\/wp\/v2\/product"}],"about":[{"href":"https:\/\/www.sinoglass.com\/fr\/wp-json\/wp\/v2\/types\/product"}],"replies":[{"embeddable":true,"href":"https:\/\/www.sinoglass.com\/fr\/wp-json\/wp\/v2\/comments?post=7308"}],"wp:featuredmedia":[{"embeddable":true,"href":"https:\/\/www.sinoglass.com\/fr\/wp-json\/wp\/v2\/media\/7310"}],"wp:attachment":[{"href":"https:\/\/www.sinoglass.com\/fr\/wp-json\/wp\/v2\/media?parent=7308"}],"wp:term":[{"taxonomy":"product_brand","embeddable":true,"href":"https:\/\/www.sinoglass.com\/fr\/wp-json\/wp\/v2\/product_brand?post=7308"},{"taxonomy":"product_cat","embeddable":true,"href":"https:\/\/www.sinoglass.com\/fr\/wp-json\/wp\/v2\/product_cat?post=7308"},{"taxonomy":"product_tag","embeddable":true,"href":"https:\/\/www.sinoglass.com\/fr\/wp-json\/wp\/v2\/product_tag?post=7308"}],"curies":[{"name":"WP","href":"https:\/\/api.w.org\/{rel}","templated":true}]}}