{"id":7192,"date":"2025-01-08T14:11:10","date_gmt":"2025-01-08T06:11:10","guid":{"rendered":"https:\/\/www.sinoglass.com\/?post_type=product&#038;p=7192"},"modified":"2026-04-16T15:34:19","modified_gmt":"2026-04-16T07:34:19","slug":"sports-drink-bottle","status":"publish","type":"product","link":"https:\/\/www.sinoglass.com\/fr\/product\/sports-drink-bottle\/","title":{"rendered":"Bouteilles d'eau pour boissons sportives personnalis\u00e9es &#8211; Poign\u00e9e et couvercle de verrouillage #69866011"},"content":{"rendered":"<p>Lorsque l\u2019activit\u00e9 est \u00e9lev\u00e9e, il est important de suivre votre hydratation. Le CLEARLOK MEASURED SPORT liste le volume sur la bouteille, vous disant instantan\u00e9ment combien vous&#8217; vous avez consomm\u00e9. Faites glisser l'onglet pour d\u00e9bloquer, appuyez sur le bouton pour ouvrir le couvercle CLEARLOK et buvez ce dont votre corps a besoin. Faites glisser la serrure pour la tranquillit\u00e9 d'esprit et tenez-la \u00e0 c\u00f4t\u00e9 avec la poign\u00e9e pliable ou la sangle de transport. Avec le sport mesur\u00e9 vous&#8217; Vous saurez toujours o\u00f9 vous \u00eates et comment vous am\u00e9liorer. De plus, vous pouvez choisir parmi cinq tailles.<\/p>","protected":false},"excerpt":{"rendered":"<p>\u2022 Nouveau design bouteille sport TRITAN.<br \/>\n\u2022 Couverture \u00e0 bouton.<br \/>\n\u2022 Mesures de volume sur la bouteille.<br \/>\n\u2022 Cinq tailles disponibles.<\/p>","protected":false},"featured_media":7194,"comment_status":"open","ping_status":"closed","template":"","meta":{"_acf_changed":false},"product_brand":[],"product_cat":[74,92],"product_tag":[],"class_list":{"0":"post-7192","1":"product","2":"type-product","3":"status-publish","4":"has-post-thumbnail","6":"product_cat-tritan-plastic-bottle","7":"product_cat-water-bottles","9":"first","10":"instock","11":"shipping-taxable","12":"purchasable","13":"product-type-variable"},"acf":[],"_links":{"self":[{"href":"https:\/\/www.sinoglass.com\/fr\/wp-json\/wp\/v2\/product\/7192","targetHints":{"allow":["GET"]}}],"collection":[{"href":"https:\/\/www.sinoglass.com\/fr\/wp-json\/wp\/v2\/product"}],"about":[{"href":"https:\/\/www.sinoglass.com\/fr\/wp-json\/wp\/v2\/types\/product"}],"replies":[{"embeddable":true,"href":"https:\/\/www.sinoglass.com\/fr\/wp-json\/wp\/v2\/comments?post=7192"}],"wp:featuredmedia":[{"embeddable":true,"href":"https:\/\/www.sinoglass.com\/fr\/wp-json\/wp\/v2\/media\/7194"}],"wp:attachment":[{"href":"https:\/\/www.sinoglass.com\/fr\/wp-json\/wp\/v2\/media?parent=7192"}],"wp:term":[{"taxonomy":"product_brand","embeddable":true,"href":"https:\/\/www.sinoglass.com\/fr\/wp-json\/wp\/v2\/product_brand?post=7192"},{"taxonomy":"product_cat","embeddable":true,"href":"https:\/\/www.sinoglass.com\/fr\/wp-json\/wp\/v2\/product_cat?post=7192"},{"taxonomy":"product_tag","embeddable":true,"href":"https:\/\/www.sinoglass.com\/fr\/wp-json\/wp\/v2\/product_tag?post=7192"}],"curies":[{"name":"WP","href":"https:\/\/api.w.org\/{rel}","templated":true}]}}