{"id":7167,"date":"2025-01-08T09:30:21","date_gmt":"2025-01-08T01:30:21","guid":{"rendered":"https:\/\/www.sinoglass.com\/?post_type=product&#038;p=7167"},"modified":"2025-10-21T13:40:53","modified_gmt":"2025-10-21T05:40:53","slug":"leak-proof-water-bottle","status":"publish","type":"product","link":"https:\/\/www.sinoglass.com\/fr\/product\/leak-proof-water-bottle\/","title":{"rendered":"Bouteille d'eau isol\u00e9e en acier inoxydable \u00e0 preuve de fuite &#8211; Poign\u00e9e \/ sangle #69886001"},"content":{"rendered":"<p>Pour les jours chauds ou un bureau froid, vous voudrez peut-\u00eatre \u00eatre plus STRAT\u00c9GIQUE sur ce que vous buvez. Une boisson froide peut vous rafra\u00eechir et vous rafra\u00eechir, et une tasse de th\u00e9 ou de caf\u00e9 chaud savoureux peut vous maintenir en marche toute la journ\u00e9e. Le CLEARLOK STRATEGIC S\/S vous servira \u00e0 cet effet avec style et avec un choix de cinq tailles. Faites glisser l'onglet pour d\u00e9bloquer, appuyez sur le bouton pour ouvrir le couvercle CLEARLOK et profitez d'une boisson chaude r\u00e9confortante ou d'une boisson froide rafra\u00eechissante. Faites glisser la serrure pour la tranquillit\u00e9 d'esprit et tenez-la \u00e0 c\u00f4t\u00e9 avec la poign\u00e9e pliable ou la sangle de transport.<\/p>","protected":false},"excerpt":{"rendered":"<p>\u2022 Nouveau design bouteille thermique S\/S.<br \/>\n\u2022 Couverture \u00e0 bouton.<br \/>\n\u2022 Parfait pour les boissons chaudes ou froides.<br \/>\n\u2022 Cinq tailles disponibles.<\/p>","protected":false},"featured_media":7172,"comment_status":"open","ping_status":"closed","template":"","meta":{"_acf_changed":false},"product_brand":[],"product_cat":[73,92],"product_tag":[],"class_list":{"0":"post-7167","1":"product","2":"type-product","3":"status-publish","4":"has-post-thumbnail","6":"product_cat-insulated-bottle","7":"product_cat-water-bottles","9":"first","10":"instock","11":"shipping-taxable","12":"purchasable","13":"product-type-variable"},"acf":[],"_links":{"self":[{"href":"https:\/\/www.sinoglass.com\/fr\/wp-json\/wp\/v2\/product\/7167","targetHints":{"allow":["GET"]}}],"collection":[{"href":"https:\/\/www.sinoglass.com\/fr\/wp-json\/wp\/v2\/product"}],"about":[{"href":"https:\/\/www.sinoglass.com\/fr\/wp-json\/wp\/v2\/types\/product"}],"replies":[{"embeddable":true,"href":"https:\/\/www.sinoglass.com\/fr\/wp-json\/wp\/v2\/comments?post=7167"}],"wp:featuredmedia":[{"embeddable":true,"href":"https:\/\/www.sinoglass.com\/fr\/wp-json\/wp\/v2\/media\/7172"}],"wp:attachment":[{"href":"https:\/\/www.sinoglass.com\/fr\/wp-json\/wp\/v2\/media?parent=7167"}],"wp:term":[{"taxonomy":"product_brand","embeddable":true,"href":"https:\/\/www.sinoglass.com\/fr\/wp-json\/wp\/v2\/product_brand?post=7167"},{"taxonomy":"product_cat","embeddable":true,"href":"https:\/\/www.sinoglass.com\/fr\/wp-json\/wp\/v2\/product_cat?post=7167"},{"taxonomy":"product_tag","embeddable":true,"href":"https:\/\/www.sinoglass.com\/fr\/wp-json\/wp\/v2\/product_tag?post=7167"}],"curies":[{"name":"WP","href":"https:\/\/api.w.org\/{rel}","templated":true}]}}