{"id":6712,"date":"2024-11-22T14:38:49","date_gmt":"2024-11-22T06:38:49","guid":{"rendered":"https:\/\/www.sinoglass.com\/?post_type=product&#038;p=6712"},"modified":"2025-10-21T13:36:14","modified_gmt":"2025-10-21T05:36:14","slug":"plastic-food-storage-containers","status":"publish","type":"product","link":"https:\/\/www.sinoglass.com\/fr\/product\/plastic-food-storage-containers\/","title":{"rendered":"Conteneurs de stockage alimentaire en plastique avec couvercles scell\u00e9s \u00e0 l'humidit\u00e9 #99352001"},"content":{"rendered":"<p>Le LOCKBOX CLEAR est notre solution \u00e0 grande capacit\u00e9 et \u00e0 l'\u00e9preuve des \u00e9clats pour une maison occup\u00e9e. Farine, sucre, produits secs, c\u00e9r\u00e9ales, th\u00e9, collations, repas \u00e0 emporter \u2013 LOCKBOX CLEAR est parfait pour tout votre stockage s\u00e9curis\u00e9. Le plastique r\u00e9sistant de qualit\u00e9 alimentaire avec des coins renforc\u00e9s prot\u00e8ge contre les accidents. L'\u00e9tanch\u00e9it\u00e9 en silicone \u00e0 360\u00ba r\u00e9sistante \u00e0 l'humidit\u00e9 et s\u00e9curis\u00e9e est encore renforc\u00e9e par notre m\u00e9canisme brevet\u00e9 SAFETY-LINK - si vous laissez tomber le r\u00e9cipient, il gagnera&#8217; t casser ou d\u00e9bloquer. Si vous voulez placer le LOCKBOX dans un tiroir, le couvercle CLEAR permettra un moyen facile de voir ce qui&#8217; S \u00e0 l'int\u00e9rieur. Empilable et \u00e9conomisant de l'espace, LOCKBOX CLEAR couvre toutes les bases pour une solution de stockage s\u00e9curis\u00e9e et polyvalente.<\/p>","protected":false},"excerpt":{"rendered":"<ul style=\"list-style-type: circle;\">\n<li>Plastique lourd, coins renforc\u00e9s.<\/li>\n<li>\u00c9tanglement en silicone \u00e0 360\u00b0 \u00e0 l'humidit\u00e9.<\/li>\n<li>M\u00e9canisme de verrouillage brevet\u00e9.<\/li>\n<li>Op\u00e9ration \u00e0 une main, facilement d\u00e9montable.<\/li>\n<li>D\u00e9gagez le couvercle pour afficher le contenu.<\/li>\n<li>Mat\u00e9riaux s\u00fbrs et de qualit\u00e9 alimentaire.<\/li>\n<li>Convient \u00e0 de nombreux besoins de stockage.<\/li>\n<\/ul>","protected":false},"featured_media":7892,"comment_status":"open","ping_status":"closed","template":"","meta":{"_acf_changed":false},"product_brand":[],"product_cat":[102,101,68],"product_tag":[],"class_list":{"0":"post-6712","1":"product","2":"type-product","3":"status-publish","4":"has-post-thumbnail","6":"product_cat-airtight-food-container","7":"product_cat-plastic-kitchen-storage","8":"product_cat-storage-jars","10":"first","11":"instock","12":"shipping-taxable","13":"purchasable","14":"product-type-variable"},"acf":[],"_links":{"self":[{"href":"https:\/\/www.sinoglass.com\/fr\/wp-json\/wp\/v2\/product\/6712","targetHints":{"allow":["GET"]}}],"collection":[{"href":"https:\/\/www.sinoglass.com\/fr\/wp-json\/wp\/v2\/product"}],"about":[{"href":"https:\/\/www.sinoglass.com\/fr\/wp-json\/wp\/v2\/types\/product"}],"replies":[{"embeddable":true,"href":"https:\/\/www.sinoglass.com\/fr\/wp-json\/wp\/v2\/comments?post=6712"}],"wp:featuredmedia":[{"embeddable":true,"href":"https:\/\/www.sinoglass.com\/fr\/wp-json\/wp\/v2\/media\/7892"}],"wp:attachment":[{"href":"https:\/\/www.sinoglass.com\/fr\/wp-json\/wp\/v2\/media?parent=6712"}],"wp:term":[{"taxonomy":"product_brand","embeddable":true,"href":"https:\/\/www.sinoglass.com\/fr\/wp-json\/wp\/v2\/product_brand?post=6712"},{"taxonomy":"product_cat","embeddable":true,"href":"https:\/\/www.sinoglass.com\/fr\/wp-json\/wp\/v2\/product_cat?post=6712"},{"taxonomy":"product_tag","embeddable":true,"href":"https:\/\/www.sinoglass.com\/fr\/wp-json\/wp\/v2\/product_tag?post=6712"}],"curies":[{"name":"WP","href":"https:\/\/api.w.org\/{rel}","templated":true}]}}