{"id":6541,"date":"2024-10-23T17:14:02","date_gmt":"2024-10-23T09:14:02","guid":{"rendered":"https:\/\/www.sinoglass.com\/?post_type=product&#038;p=6541"},"modified":"2026-04-16T15:36:28","modified_gmt":"2026-04-16T07:36:28","slug":"milk-powder-storage-container","status":"publish","type":"product","link":"https:\/\/www.sinoglass.com\/fr\/product\/milk-powder-storage-container\/","title":{"rendered":"Conteneur de stockage de poudre de lait avec cuill\u00e8re \/ distributeur de formule pour nourrissons #99352021"},"content":{"rendered":"<p>Impossible \u00e0 l'\u00e9clatement ? Oui ! Grande capacit\u00e9 ? Oui ! Facile \u00e0 utiliser ? Oui ! Le LOCKBOX est con\u00e7u en tenant compte des parents occup\u00e9s, mais a un large \u00e9ventail d'utilisations. Id\u00e9al pour la formule pour b\u00e9b\u00e9 en poudre, LOCKBOX est un plastique r\u00e9sistant et \u00e0 l'\u00e9preuve des brisures avec des coins renforc\u00e9s. Le couvercle \u00e9tanche et autoverrouillant peut \u00eatre utilis\u00e9 avec une seule main et dispose d'un double m\u00e9canisme qui non seulement scelle \u00e0 360\u00ba, mais se verrouille de mani\u00e8re s\u00fbre avec un m\u00e9canisme brevet\u00e9 SAFETY-LINK. Si vous le laissez tomber, il gagnera&#8217; t casser ou d\u00e9bloquer. Retirez le couvercle, placez-le droit sur une table et un compartiment s'ouvre automatiquement pour r\u00e9v\u00e9ler une cuill\u00e8re de mesure. Le r\u00e9cipient a une tige de nivelage int\u00e9gr\u00e9e \u00e0 l'int\u00e9rieur pour une mesure pr\u00e9cise. Fabriqu\u00e9 en PP et en silicone de qualit\u00e9 alimentaire, LOCKBOX est un stockage s\u00fbr et la tranquillit\u00e9 d'esprit dans un seul r\u00e9cipient.<\/p>","protected":false},"excerpt":{"rendered":"<ul style=\"list-style-type: circle;\">\n<li>Plastique lourd, coins renforc\u00e9s.<\/li>\n<li>\u00c9tanglement en silicone \u00e0 360\u00b0 \u00e0 l'humidit\u00e9.<\/li>\n<li>M\u00e9canisme de verrouillage brevet\u00e9.<\/li>\n<li>Op\u00e9ration \u00e0 une main, facilement d\u00e9montable.<\/li>\n<li>D\u00e9gagez le couvercle pour afficher le contenu.<\/li>\n<li>Mat\u00e9riaux s\u00fbrs et de qualit\u00e9 alimentaire.<\/li>\n<li>Convient \u00e0 de nombreux besoins de stockage.<\/li>\n<\/ul>","protected":false},"featured_media":7890,"comment_status":"open","ping_status":"closed","template":"","meta":{"_acf_changed":false},"product_brand":[],"product_cat":[102,101,68],"product_tag":[],"class_list":{"0":"post-6541","1":"product","2":"type-product","3":"status-publish","4":"has-post-thumbnail","6":"product_cat-airtight-food-container","7":"product_cat-plastic-kitchen-storage","8":"product_cat-storage-jars","10":"first","11":"instock","12":"shipping-taxable","13":"purchasable","14":"product-type-variable"},"acf":[],"_links":{"self":[{"href":"https:\/\/www.sinoglass.com\/fr\/wp-json\/wp\/v2\/product\/6541","targetHints":{"allow":["GET"]}}],"collection":[{"href":"https:\/\/www.sinoglass.com\/fr\/wp-json\/wp\/v2\/product"}],"about":[{"href":"https:\/\/www.sinoglass.com\/fr\/wp-json\/wp\/v2\/types\/product"}],"replies":[{"embeddable":true,"href":"https:\/\/www.sinoglass.com\/fr\/wp-json\/wp\/v2\/comments?post=6541"}],"wp:featuredmedia":[{"embeddable":true,"href":"https:\/\/www.sinoglass.com\/fr\/wp-json\/wp\/v2\/media\/7890"}],"wp:attachment":[{"href":"https:\/\/www.sinoglass.com\/fr\/wp-json\/wp\/v2\/media?parent=6541"}],"wp:term":[{"taxonomy":"product_brand","embeddable":true,"href":"https:\/\/www.sinoglass.com\/fr\/wp-json\/wp\/v2\/product_brand?post=6541"},{"taxonomy":"product_cat","embeddable":true,"href":"https:\/\/www.sinoglass.com\/fr\/wp-json\/wp\/v2\/product_cat?post=6541"},{"taxonomy":"product_tag","embeddable":true,"href":"https:\/\/www.sinoglass.com\/fr\/wp-json\/wp\/v2\/product_tag?post=6541"}],"curies":[{"name":"WP","href":"https:\/\/api.w.org\/{rel}","templated":true}]}}