{"id":6448,"date":"2024-09-29T14:00:43","date_gmt":"2024-09-29T06:00:43","guid":{"rendered":"https:\/\/www.sinoglass.com\/?post_type=product&#038;p=6448"},"modified":"2025-02-10T10:51:53","modified_gmt":"2025-02-10T02:51:53","slug":"insulated-travel-french-press","status":"publish","type":"product","link":"https:\/\/www.sinoglass.com\/fr\/product\/insulated-travel-french-press\/","title":{"rendered":"Portable isol\u00e9 thermique voyage presse fran\u00e7aise #6885600201"},"content":{"rendered":"<p>Notre TRAVEL FRENCH PRESS a \u00e9t\u00e9 un vendeur populaire, et maintenant la version en acier inoxydable garde votre boisson pr\u00e9f\u00e9r\u00e9e du matin plus chaude, plus longtemps. L'acier inoxydable doublewall prot\u00e8ge la saveur et la temp\u00e9rature et est s\u00fbr pour vos mains. La poign\u00e9e en caoutchouc textur\u00e9e est un endroit s\u00fbr \u00e0 saisir pour une gorg\u00e9e. Choisissez votre couleur, commencez votre journ\u00e9e.<\/p>","protected":false},"excerpt":{"rendered":"<ul>\n<li>Cafeterie \u00e0 presse fran\u00e7aise portable.<\/li>\n<li>L'acier inoxydable maintient le caf\u00e9 plus chaud, plus longtemps.<\/li>\n<li>La poign\u00e9e en caoutchouc textur\u00e9e donne une surface s\u00e9curis\u00e9e.<\/li>\n<li>Peut \u00eatre utilis\u00e9 sans m\u00e9canisme de presse fran\u00e7aise.<\/li>\n<\/ul>","protected":false},"featured_media":6464,"comment_status":"open","ping_status":"closed","template":"","meta":{"_acf_changed":false},"product_brand":[],"product_cat":[73,92],"product_tag":[],"class_list":{"0":"post-6448","1":"product","2":"type-product","3":"status-publish","4":"has-post-thumbnail","6":"product_cat-insulated-bottle","7":"product_cat-water-bottles","9":"first","10":"instock","11":"shipping-taxable","12":"purchasable","13":"product-type-variable"},"acf":[],"_links":{"self":[{"href":"https:\/\/www.sinoglass.com\/fr\/wp-json\/wp\/v2\/product\/6448","targetHints":{"allow":["GET"]}}],"collection":[{"href":"https:\/\/www.sinoglass.com\/fr\/wp-json\/wp\/v2\/product"}],"about":[{"href":"https:\/\/www.sinoglass.com\/fr\/wp-json\/wp\/v2\/types\/product"}],"replies":[{"embeddable":true,"href":"https:\/\/www.sinoglass.com\/fr\/wp-json\/wp\/v2\/comments?post=6448"}],"wp:featuredmedia":[{"embeddable":true,"href":"https:\/\/www.sinoglass.com\/fr\/wp-json\/wp\/v2\/media\/6464"}],"wp:attachment":[{"href":"https:\/\/www.sinoglass.com\/fr\/wp-json\/wp\/v2\/media?parent=6448"}],"wp:term":[{"taxonomy":"product_brand","embeddable":true,"href":"https:\/\/www.sinoglass.com\/fr\/wp-json\/wp\/v2\/product_brand?post=6448"},{"taxonomy":"product_cat","embeddable":true,"href":"https:\/\/www.sinoglass.com\/fr\/wp-json\/wp\/v2\/product_cat?post=6448"},{"taxonomy":"product_tag","embeddable":true,"href":"https:\/\/www.sinoglass.com\/fr\/wp-json\/wp\/v2\/product_tag?post=6448"}],"curies":[{"name":"WP","href":"https:\/\/api.w.org\/{rel}","templated":true}]}}