{"id":6429,"date":"2024-09-29T13:01:30","date_gmt":"2024-09-29T05:01:30","guid":{"rendered":"https:\/\/www.sinoglass.com\/?post_type=product&#038;p=6429"},"modified":"2025-02-10T10:52:07","modified_gmt":"2025-02-10T02:52:07","slug":"water","status":"publish","type":"product","link":"https:\/\/www.sinoglass.com\/fr\/product\/water\/","title":{"rendered":"Bouteille d'eau de gym en acier inoxydable avec poign\u00e9e #6855A002"},"content":{"rendered":"<p>Calme-toi ! Ouvrez le couvercle et pliez-le en arri\u00e8re - la FLARE le garde l\u00e0. Le double isolant en acier inoxydable Hy3 FLARE THERMAL gardera votre boisson pr\u00e9f\u00e9r\u00e9e chaude ou froide pendant des heures. Pour le plaisir toute la journ\u00e9e, c\u2019est le bon choix pour l\u2019apparence et les performances.<\/p>","protected":false},"excerpt":{"rendered":"<ul>\n<li>Conception de poign\u00e9e Flare, facile \u00e0 transporter en d\u00e9placement.<\/li>\n<li>Petite ouverture de bouteille, pratique \u00e0 boire pendant l'exercice.<\/li>\n<li>Couverture attach\u00e9e.<\/li>\n<li>Le couvercle se plie en poign\u00e9e et reste ouvert.<\/li>\n<li>Caoutchouc textur\u00e9 sur le couvercle.<\/li>\n<li>La surface confortable donne une adh\u00e9rence suppl\u00e9mentaire pour enlever facilement le couvercle.<\/li>\n<li>Bouteille \u00e0 vide en acier inoxydable double isol\u00e9e, maintient les liquides \u00e0 55\u00ba Celsius pendant 6 heures, froid pendant 18 heures.<\/li>\n<\/ul>","protected":false},"featured_media":6434,"comment_status":"open","ping_status":"closed","template":"","meta":{"_acf_changed":false},"product_brand":[],"product_cat":[73,92],"product_tag":[],"class_list":{"0":"post-6429","1":"product","2":"type-product","3":"status-publish","4":"has-post-thumbnail","6":"product_cat-insulated-bottle","7":"product_cat-water-bottles","9":"first","10":"instock","11":"shipping-taxable","12":"purchasable","13":"product-type-variable"},"acf":[],"_links":{"self":[{"href":"https:\/\/www.sinoglass.com\/fr\/wp-json\/wp\/v2\/product\/6429","targetHints":{"allow":["GET"]}}],"collection":[{"href":"https:\/\/www.sinoglass.com\/fr\/wp-json\/wp\/v2\/product"}],"about":[{"href":"https:\/\/www.sinoglass.com\/fr\/wp-json\/wp\/v2\/types\/product"}],"replies":[{"embeddable":true,"href":"https:\/\/www.sinoglass.com\/fr\/wp-json\/wp\/v2\/comments?post=6429"}],"wp:featuredmedia":[{"embeddable":true,"href":"https:\/\/www.sinoglass.com\/fr\/wp-json\/wp\/v2\/media\/6434"}],"wp:attachment":[{"href":"https:\/\/www.sinoglass.com\/fr\/wp-json\/wp\/v2\/media?parent=6429"}],"wp:term":[{"taxonomy":"product_brand","embeddable":true,"href":"https:\/\/www.sinoglass.com\/fr\/wp-json\/wp\/v2\/product_brand?post=6429"},{"taxonomy":"product_cat","embeddable":true,"href":"https:\/\/www.sinoglass.com\/fr\/wp-json\/wp\/v2\/product_cat?post=6429"},{"taxonomy":"product_tag","embeddable":true,"href":"https:\/\/www.sinoglass.com\/fr\/wp-json\/wp\/v2\/product_tag?post=6429"}],"curies":[{"name":"WP","href":"https:\/\/api.w.org\/{rel}","templated":true}]}}