{"id":6394,"date":"2024-09-29T10:47:33","date_gmt":"2024-09-29T02:47:33","guid":{"rendered":"https:\/\/www.sinoglass.com\/?post_type=product&#038;p=6394"},"modified":"2025-02-10T10:51:38","modified_gmt":"2025-02-10T02:51:38","slug":"water-bottle-keep-cold-24-hours","status":"publish","type":"product","link":"https:\/\/www.sinoglass.com\/fr\/product\/water-bottle-keep-cold-24-hours\/","title":{"rendered":"Bouteille d'eau thermique de 500ml garder froid 24 heures #6908600301"},"content":{"rendered":"<p>Le m\u00e9canisme CAMLEVER est \u00e9prouv\u00e9 et fiable, et la poign\u00e9e pliable pratique ajoute un look rationalis\u00e9. Le CAMLEVER THERMAL poursuit ces caract\u00e9ristiques dans cette version en acier inoxydable l\u00e9g\u00e8re avec quatre nouvelles couleurs. Le couvercle CAMLEVER est simple \u00e0 ouvrir et \u00e0 nettoyer, avec un filtre \u00e0 perfusion int\u00e9gr\u00e9.<\/p>","protected":false},"excerpt":{"rendered":"<ul>\n<li>Op\u00e9ration \u00e0 une main \u00e9prouv\u00e9e.<\/li>\n<li>\u00c9tanglement fiable \u00e0 l'\u00e9preuve de fuites.<\/li>\n<li>Design \u00e9l\u00e9gant avec poign\u00e9e pliable.<\/li>\n<li>Acier inoxydable l\u00e9ger.<\/li>\n<li>Des designs nouveaux et amusants.<\/li>\n<\/ul>","protected":false},"featured_media":6408,"comment_status":"open","ping_status":"closed","template":"","meta":{"_acf_changed":false},"product_brand":[],"product_cat":[73,92],"product_tag":[],"class_list":{"0":"post-6394","1":"product","2":"type-product","3":"status-publish","4":"has-post-thumbnail","6":"product_cat-insulated-bottle","7":"product_cat-water-bottles","9":"first","10":"instock","11":"shipping-taxable","12":"purchasable","13":"product-type-variable"},"acf":[],"_links":{"self":[{"href":"https:\/\/www.sinoglass.com\/fr\/wp-json\/wp\/v2\/product\/6394","targetHints":{"allow":["GET"]}}],"collection":[{"href":"https:\/\/www.sinoglass.com\/fr\/wp-json\/wp\/v2\/product"}],"about":[{"href":"https:\/\/www.sinoglass.com\/fr\/wp-json\/wp\/v2\/types\/product"}],"replies":[{"embeddable":true,"href":"https:\/\/www.sinoglass.com\/fr\/wp-json\/wp\/v2\/comments?post=6394"}],"wp:featuredmedia":[{"embeddable":true,"href":"https:\/\/www.sinoglass.com\/fr\/wp-json\/wp\/v2\/media\/6408"}],"wp:attachment":[{"href":"https:\/\/www.sinoglass.com\/fr\/wp-json\/wp\/v2\/media?parent=6394"}],"wp:term":[{"taxonomy":"product_brand","embeddable":true,"href":"https:\/\/www.sinoglass.com\/fr\/wp-json\/wp\/v2\/product_brand?post=6394"},{"taxonomy":"product_cat","embeddable":true,"href":"https:\/\/www.sinoglass.com\/fr\/wp-json\/wp\/v2\/product_cat?post=6394"},{"taxonomy":"product_tag","embeddable":true,"href":"https:\/\/www.sinoglass.com\/fr\/wp-json\/wp\/v2\/product_tag?post=6394"}],"curies":[{"name":"WP","href":"https:\/\/api.w.org\/{rel}","templated":true}]}}