{"id":6376,"date":"2024-09-29T09:56:55","date_gmt":"2024-09-29T01:56:55","guid":{"rendered":"https:\/\/www.sinoglass.com\/?post_type=product&#038;p=6376"},"modified":"2025-02-10T10:52:00","modified_gmt":"2025-02-10T02:52:00","slug":"metal-insulated-water-bottle","status":"publish","type":"product","link":"https:\/\/www.sinoglass.com\/fr\/product\/metal-insulated-water-bottle\/","title":{"rendered":"Bouteille d'eau chaude isol\u00e9e en m\u00e9tal r\u00e9utilisable #6888400201"},"content":{"rendered":"<p>Exprimez votre personnalit\u00e9 avec notre s\u00e9rie PEARLite Stylings d'attitudes artificielles et de finitions fantaisistes. Puisque vous avez plus d'une humeur, vous pouvez choisir parmi sept mod\u00e8les qui s'adaptent \u00e0 ce que vous ressentez. Vous pouvez commencer par Cactus pour votre rose du matin, vert menthe avec des lanternes, ou Taro violet avec des flocons de couleur et de style.<\/p>\n<p>Pour les motifs sur une finition classique en acier inoxydable, ajoutez plus d'expressions de personnalit\u00e9 avec Flamingos, Succulents, Giraffes et Champs.<\/p>","protected":false},"excerpt":{"rendered":"<ul>\n<li>Nouveau couvercle syst\u00e8me SafeLOKTM, facilement d\u00e9montable.<\/li>\n<li>Double paroi ultra-l\u00e9g\u00e8re en acier inoxydable.<\/li>\n<li>Disponible en six couleurs perl\u00e9es.<\/li>\n<li>La nouvelle bande SoftTouch est une surface confortable pour l'ouverture et la fermeture.<\/li>\n<\/ul>","protected":false},"featured_media":6383,"comment_status":"open","ping_status":"closed","template":"","meta":{"_acf_changed":false},"product_brand":[],"product_cat":[73,92],"product_tag":[],"class_list":{"0":"post-6376","1":"product","2":"type-product","3":"status-publish","4":"has-post-thumbnail","6":"product_cat-insulated-bottle","7":"product_cat-water-bottles","9":"first","10":"instock","11":"shipping-taxable","12":"purchasable","13":"product-type-variable"},"acf":[],"_links":{"self":[{"href":"https:\/\/www.sinoglass.com\/fr\/wp-json\/wp\/v2\/product\/6376","targetHints":{"allow":["GET"]}}],"collection":[{"href":"https:\/\/www.sinoglass.com\/fr\/wp-json\/wp\/v2\/product"}],"about":[{"href":"https:\/\/www.sinoglass.com\/fr\/wp-json\/wp\/v2\/types\/product"}],"replies":[{"embeddable":true,"href":"https:\/\/www.sinoglass.com\/fr\/wp-json\/wp\/v2\/comments?post=6376"}],"wp:featuredmedia":[{"embeddable":true,"href":"https:\/\/www.sinoglass.com\/fr\/wp-json\/wp\/v2\/media\/6383"}],"wp:attachment":[{"href":"https:\/\/www.sinoglass.com\/fr\/wp-json\/wp\/v2\/media?parent=6376"}],"wp:term":[{"taxonomy":"product_brand","embeddable":true,"href":"https:\/\/www.sinoglass.com\/fr\/wp-json\/wp\/v2\/product_brand?post=6376"},{"taxonomy":"product_cat","embeddable":true,"href":"https:\/\/www.sinoglass.com\/fr\/wp-json\/wp\/v2\/product_cat?post=6376"},{"taxonomy":"product_tag","embeddable":true,"href":"https:\/\/www.sinoglass.com\/fr\/wp-json\/wp\/v2\/product_tag?post=6376"}],"curies":[{"name":"WP","href":"https:\/\/api.w.org\/{rel}","templated":true}]}}