{"id":6361,"date":"2024-09-27T15:43:24","date_gmt":"2024-09-27T07:43:24","guid":{"rendered":"https:\/\/www.sinoglass.com\/?post_type=product&#038;p=6361"},"modified":"2025-02-10T10:51:45","modified_gmt":"2025-02-10T02:51:45","slug":"hot-and-cold-water-bottle","status":"publish","type":"product","link":"https:\/\/www.sinoglass.com\/fr\/product\/hot-and-cold-water-bottle\/","title":{"rendered":"Bouteille d'eau chaude et froide isol\u00e9e #69077002"},"content":{"rendered":"<p>La version SPORT de notre couvercle PS-REFRESH dispose d'un grand et confortable bec pour une hydratation facile. Le m\u00eame couvercle innovant AutoLOK\u00ae permet \u00e0 votre sac ou sac \u00e0 main de rester sec lorsque vous stockez votre bouteille. Et vous pouvez profiter de vos ar\u00f4mes de fruits ou de th\u00e9 pr\u00e9f\u00e9r\u00e9s en utilisant le filtre \u00e0 infusion int\u00e9gr\u00e9.<\/p>","protected":false},"excerpt":{"rendered":"<ul>\n<li>Le couvercle se verrouille automatiquement. Il ne s\u2019ouvrira pas \u00e0 moins que vous n\u2019appuyez sur le bouton.<\/li>\n<li>Votre sac ou sac \u00e0 main est prot\u00e9g\u00e9 contre l'ouverture accidentelle.<\/li>\n<li>Grande ouverture pour boire en toute s\u00e9curit\u00e9 des boissons chaudes.<\/li>\n<li>Le couvercle peut \u00eatre d\u00e9mont\u00e9 rapidement pour un nettoyage approfondi.<\/li>\n<li>Le couvercle peut \u00eatre verrouill\u00e9 \u00e0 180\u00ba afin qu'il reste largement ouvert pendant que vous buvez.<\/li>\n<\/ul>","protected":false},"featured_media":6370,"comment_status":"open","ping_status":"closed","template":"","meta":{"_acf_changed":false},"product_brand":[],"product_cat":[73,92],"product_tag":[],"class_list":{"0":"post-6361","1":"product","2":"type-product","3":"status-publish","4":"has-post-thumbnail","6":"product_cat-insulated-bottle","7":"product_cat-water-bottles","9":"first","10":"instock","11":"shipping-taxable","12":"purchasable","13":"product-type-variable"},"acf":[],"_links":{"self":[{"href":"https:\/\/www.sinoglass.com\/fr\/wp-json\/wp\/v2\/product\/6361","targetHints":{"allow":["GET"]}}],"collection":[{"href":"https:\/\/www.sinoglass.com\/fr\/wp-json\/wp\/v2\/product"}],"about":[{"href":"https:\/\/www.sinoglass.com\/fr\/wp-json\/wp\/v2\/types\/product"}],"replies":[{"embeddable":true,"href":"https:\/\/www.sinoglass.com\/fr\/wp-json\/wp\/v2\/comments?post=6361"}],"wp:featuredmedia":[{"embeddable":true,"href":"https:\/\/www.sinoglass.com\/fr\/wp-json\/wp\/v2\/media\/6370"}],"wp:attachment":[{"href":"https:\/\/www.sinoglass.com\/fr\/wp-json\/wp\/v2\/media?parent=6361"}],"wp:term":[{"taxonomy":"product_brand","embeddable":true,"href":"https:\/\/www.sinoglass.com\/fr\/wp-json\/wp\/v2\/product_brand?post=6361"},{"taxonomy":"product_cat","embeddable":true,"href":"https:\/\/www.sinoglass.com\/fr\/wp-json\/wp\/v2\/product_cat?post=6361"},{"taxonomy":"product_tag","embeddable":true,"href":"https:\/\/www.sinoglass.com\/fr\/wp-json\/wp\/v2\/product_tag?post=6361"}],"curies":[{"name":"WP","href":"https:\/\/api.w.org\/{rel}","templated":true}]}}