{"id":6349,"date":"2024-09-27T14:56:32","date_gmt":"2024-09-27T06:56:32","guid":{"rendered":"https:\/\/www.sinoglass.com\/?post_type=product&#038;p=6349"},"modified":"2025-02-10T10:51:30","modified_gmt":"2025-02-10T02:51:30","slug":"stainless-steel-drink-bottle","status":"publish","type":"product","link":"https:\/\/www.sinoglass.com\/fr\/product\/stainless-steel-drink-bottle\/","title":{"rendered":"Bouteille de boisson en acier inoxydable de 20 oz double couvercle #69411002"},"content":{"rendered":"<p>Une boisson chaude le matin frais; une gorg\u00e9e fra\u00eeche dans un apr\u00e8s-midi d\u2019\u00e9t\u00e9 \u2013 DOUBLE DRINK THERMAL est pour toutes les occasions. Double paroi en acier inoxydable maintient la temp\u00e9rature que vous voulez. Pour une boisson froide, la paille en silicone d'un c\u00f4t\u00e9 est juste ce dont vous avez besoin; un bouchon activ\u00e9 et g\u00e9n\u00e9reux vous permet de profiter de ces premi\u00e8res gorg\u00e9es de caf\u00e9 chaud ou de th\u00e9.<\/p>","protected":false},"excerpt":{"rendered":"<p>\u2022 Couverture double pour boissons chaudes ou froides.<br \/>\n\u2022 Parfait pour les trajets quotidiens.<br \/>\n\u2022 Poign\u00e9e pliable compacte pour un transport facile.<br \/>\n\u2022 Boire d\u2019un c\u00f4t\u00e9, ou siroter d\u2019une paille en plastique sans BPA.<br \/>\n\u2022 Bouton verrouill\u00e9.<br \/>\n\u2022 Double paroi en acier inoxydable.<\/p>","protected":false},"featured_media":6358,"comment_status":"open","ping_status":"closed","template":"","meta":{"_acf_changed":false},"product_brand":[],"product_cat":[73,92],"product_tag":[],"class_list":{"0":"post-6349","1":"product","2":"type-product","3":"status-publish","4":"has-post-thumbnail","6":"product_cat-insulated-bottle","7":"product_cat-water-bottles","9":"first","10":"instock","11":"shipping-taxable","12":"purchasable","13":"product-type-variable"},"acf":[],"_links":{"self":[{"href":"https:\/\/www.sinoglass.com\/fr\/wp-json\/wp\/v2\/product\/6349","targetHints":{"allow":["GET"]}}],"collection":[{"href":"https:\/\/www.sinoglass.com\/fr\/wp-json\/wp\/v2\/product"}],"about":[{"href":"https:\/\/www.sinoglass.com\/fr\/wp-json\/wp\/v2\/types\/product"}],"replies":[{"embeddable":true,"href":"https:\/\/www.sinoglass.com\/fr\/wp-json\/wp\/v2\/comments?post=6349"}],"wp:featuredmedia":[{"embeddable":true,"href":"https:\/\/www.sinoglass.com\/fr\/wp-json\/wp\/v2\/media\/6358"}],"wp:attachment":[{"href":"https:\/\/www.sinoglass.com\/fr\/wp-json\/wp\/v2\/media?parent=6349"}],"wp:term":[{"taxonomy":"product_brand","embeddable":true,"href":"https:\/\/www.sinoglass.com\/fr\/wp-json\/wp\/v2\/product_brand?post=6349"},{"taxonomy":"product_cat","embeddable":true,"href":"https:\/\/www.sinoglass.com\/fr\/wp-json\/wp\/v2\/product_cat?post=6349"},{"taxonomy":"product_tag","embeddable":true,"href":"https:\/\/www.sinoglass.com\/fr\/wp-json\/wp\/v2\/product_tag?post=6349"}],"curies":[{"name":"WP","href":"https:\/\/api.w.org\/{rel}","templated":true}]}}