{"id":6335,"date":"2024-09-27T13:54:00","date_gmt":"2024-09-27T05:54:00","guid":{"rendered":"https:\/\/www.sinoglass.com\/?post_type=product&#038;p=6335"},"modified":"2025-10-21T13:42:27","modified_gmt":"2025-10-21T05:42:27","slug":"insulated-water-bottle","status":"publish","type":"product","link":"https:\/\/www.sinoglass.com\/fr\/product\/insulated-water-bottle\/","title":{"rendered":"Bouteille d'eau isol\u00e9e 1L personnalis\u00e9e avec paille #69746001"},"content":{"rendered":"<p>Notre nouvelle bouteille thermique TAPERED a un design conique attrayant qui fonctionne parfaitement avec le couvercle SLIDER propre et simple. Un excellent choix toute la journ\u00e9e pour les boissons froides, un mouvement coulissant fait appara\u00eetre la paille de boisson en silicone confortable. Appliquez une l\u00e9g\u00e8re pression pour que votre rafra\u00eechissement coule librement. Thermal S.S. maintient le froid toute la journ\u00e9e.<\/p>","protected":false},"excerpt":{"rendered":"<p>\u2022 Une action simple en un seul mouvement r\u00e9v\u00e8le une paille \u00e0 boire en silicone int\u00e9gr\u00e9e.<br \/>\n\u2022 Poign\u00e9e moul\u00e9e pour un transport facile.<br \/>\n\u2022 La paille AutoSEAL prot\u00e8ge contre les fuites.<br \/>\n\u2022 Bouteille thermique conique en acier inoxydable.<br \/>\n\u2022 Disponible en trois couleurs.<br \/>\n\u2022 1000ml\/33oz, 750ml\/25oz, 550ml\/18oz.<\/p>","protected":false},"featured_media":6341,"comment_status":"open","ping_status":"closed","template":"","meta":{"_acf_changed":false},"product_brand":[],"product_cat":[73,92],"product_tag":[],"class_list":{"0":"post-6335","1":"product","2":"type-product","3":"status-publish","4":"has-post-thumbnail","6":"product_cat-insulated-bottle","7":"product_cat-water-bottles","9":"first","10":"instock","11":"shipping-taxable","12":"purchasable","13":"product-type-variable"},"acf":[],"_links":{"self":[{"href":"https:\/\/www.sinoglass.com\/fr\/wp-json\/wp\/v2\/product\/6335","targetHints":{"allow":["GET"]}}],"collection":[{"href":"https:\/\/www.sinoglass.com\/fr\/wp-json\/wp\/v2\/product"}],"about":[{"href":"https:\/\/www.sinoglass.com\/fr\/wp-json\/wp\/v2\/types\/product"}],"replies":[{"embeddable":true,"href":"https:\/\/www.sinoglass.com\/fr\/wp-json\/wp\/v2\/comments?post=6335"}],"wp:featuredmedia":[{"embeddable":true,"href":"https:\/\/www.sinoglass.com\/fr\/wp-json\/wp\/v2\/media\/6341"}],"wp:attachment":[{"href":"https:\/\/www.sinoglass.com\/fr\/wp-json\/wp\/v2\/media?parent=6335"}],"wp:term":[{"taxonomy":"product_brand","embeddable":true,"href":"https:\/\/www.sinoglass.com\/fr\/wp-json\/wp\/v2\/product_brand?post=6335"},{"taxonomy":"product_cat","embeddable":true,"href":"https:\/\/www.sinoglass.com\/fr\/wp-json\/wp\/v2\/product_cat?post=6335"},{"taxonomy":"product_tag","embeddable":true,"href":"https:\/\/www.sinoglass.com\/fr\/wp-json\/wp\/v2\/product_tag?post=6335"}],"curies":[{"name":"WP","href":"https:\/\/api.w.org\/{rel}","templated":true}]}}