{"id":6317,"date":"2024-09-27T13:49:17","date_gmt":"2024-09-27T05:49:17","guid":{"rendered":"https:\/\/www.sinoglass.com\/?post_type=product&#038;p=6317"},"modified":"2026-04-16T15:35:41","modified_gmt":"2026-04-16T07:35:41","slug":"stainless-steel-water-bottle","status":"publish","type":"product","link":"https:\/\/www.sinoglass.com\/fr\/product\/stainless-steel-water-bottle\/","title":{"rendered":"Bouteille d'eau en acier inoxydable \u00e0 double mur de 32oz #69756001"},"content":{"rendered":"<p>Pour profiter toute la journ\u00e9e de vos boissons chaudes ou froides, la bouteille thermique CLEARLOK TAPERED est pratique, facile \u00e0 transporter et rapide \u00e0 utiliser. Appuyez sur le bouton du nouveau couvercle CLEARLOK et le couvercle transparent s'ouvre enti\u00e8rement pour un verre. Lorsque vous le fermez, faites glisser le bouton de verrouillage pratique, attrapez la poign\u00e9e pliable et vous&#8217; Bon d'aller.<\/p>","protected":false},"excerpt":{"rendered":"<p>\u2022 Un bouton pour ouvrir, un bouton pour verrouiller.<br \/>\n\u2022 Poign\u00e9e pliable int\u00e9gr\u00e9e, attraper et aller.<br \/>\n\u2022 Bouteille thermique conique en acier inoxydable.<br \/>\n\u2022 Disponible en trois couleurs.<br \/>\n\u2022 1000ml\/33oz, 750ml\/25oz, 550ml\/18oz.<\/p>","protected":false},"featured_media":6318,"comment_status":"open","ping_status":"closed","template":"","meta":{"_acf_changed":false},"product_brand":[],"product_cat":[73,92],"product_tag":[],"class_list":{"0":"post-6317","1":"product","2":"type-product","3":"status-publish","4":"has-post-thumbnail","6":"product_cat-insulated-bottle","7":"product_cat-water-bottles","9":"first","10":"instock","11":"shipping-taxable","12":"purchasable","13":"product-type-variable"},"acf":[],"_links":{"self":[{"href":"https:\/\/www.sinoglass.com\/fr\/wp-json\/wp\/v2\/product\/6317","targetHints":{"allow":["GET"]}}],"collection":[{"href":"https:\/\/www.sinoglass.com\/fr\/wp-json\/wp\/v2\/product"}],"about":[{"href":"https:\/\/www.sinoglass.com\/fr\/wp-json\/wp\/v2\/types\/product"}],"replies":[{"embeddable":true,"href":"https:\/\/www.sinoglass.com\/fr\/wp-json\/wp\/v2\/comments?post=6317"}],"wp:featuredmedia":[{"embeddable":true,"href":"https:\/\/www.sinoglass.com\/fr\/wp-json\/wp\/v2\/media\/6318"}],"wp:attachment":[{"href":"https:\/\/www.sinoglass.com\/fr\/wp-json\/wp\/v2\/media?parent=6317"}],"wp:term":[{"taxonomy":"product_brand","embeddable":true,"href":"https:\/\/www.sinoglass.com\/fr\/wp-json\/wp\/v2\/product_brand?post=6317"},{"taxonomy":"product_cat","embeddable":true,"href":"https:\/\/www.sinoglass.com\/fr\/wp-json\/wp\/v2\/product_cat?post=6317"},{"taxonomy":"product_tag","embeddable":true,"href":"https:\/\/www.sinoglass.com\/fr\/wp-json\/wp\/v2\/product_tag?post=6317"}],"curies":[{"name":"WP","href":"https:\/\/api.w.org\/{rel}","templated":true}]}}