{"id":6258,"date":"2024-09-13T16:22:09","date_gmt":"2024-09-13T08:22:09","guid":{"rendered":"https:\/\/www.sinoglass.com\/?post_type=product&#038;p=6258"},"modified":"2026-03-06T16:50:13","modified_gmt":"2026-03-06T08:50:13","slug":"airtight-plastic-storage-jar","status":"publish","type":"product","link":"https:\/\/www.sinoglass.com\/fr\/product\/airtight-plastic-storage-jar\/","title":{"rendered":"Boc de stockage en plastique \u00e9tanche SAVE-THE-DATE LID #99262010"},"content":{"rendered":"<p>M\u00eame la meilleure solution de stockage ne gardera pas la nourriture fra\u00eeche pour toujours, vous devez donc suivre le temps. Avec SQUARE\u2022DATE, vous pouvez composer le mois et le jour approximatif et vous reposer en toute tranquillit\u00e9. Vous saurez quand vous avez stock\u00e9 vos objets. Le cadran est efficace et assez petit pour que vous puissiez toujours voir \u00e0 l'int\u00e9rieur \u00e0 travers le haut transparent. Un m\u00e9canisme en une \u00e9tape engage le joint en silicone pour prot\u00e9ger vos aliments et votre famille. Empiler les quatre tailles disponibles pour une utilisation encore plus efficace de l'espace. SQUARE\u2022DATE vous a couvert.<\/p>","protected":false},"excerpt":{"rendered":"<ul>\n<li>Le couvercle Save-the-date montre quand la nourriture a \u00e9t\u00e9 stock\u00e9e.<\/li>\n<li>S\u00e9curisez le couvercle d'\u00e9tanch\u00e9it\u00e9 \u00e0 une \u00e9tape.<\/li>\n<li>Plusieurs tailles empilables ou personnalisation.<\/li>\n<li>Forme unique facile \u00e0 maintenir.<\/li>\n<\/ul>","protected":false},"featured_media":6266,"comment_status":"open","ping_status":"closed","template":"","meta":{"_acf_changed":false},"product_brand":[],"product_cat":[102,101,68],"product_tag":[],"class_list":{"0":"post-6258","1":"product","2":"type-product","3":"status-publish","4":"has-post-thumbnail","6":"product_cat-airtight-food-container","7":"product_cat-plastic-kitchen-storage","8":"product_cat-storage-jars","10":"first","11":"instock","12":"shipping-taxable","13":"purchasable","14":"product-type-variable"},"acf":[],"_links":{"self":[{"href":"https:\/\/www.sinoglass.com\/fr\/wp-json\/wp\/v2\/product\/6258","targetHints":{"allow":["GET"]}}],"collection":[{"href":"https:\/\/www.sinoglass.com\/fr\/wp-json\/wp\/v2\/product"}],"about":[{"href":"https:\/\/www.sinoglass.com\/fr\/wp-json\/wp\/v2\/types\/product"}],"replies":[{"embeddable":true,"href":"https:\/\/www.sinoglass.com\/fr\/wp-json\/wp\/v2\/comments?post=6258"}],"wp:featuredmedia":[{"embeddable":true,"href":"https:\/\/www.sinoglass.com\/fr\/wp-json\/wp\/v2\/media\/6266"}],"wp:attachment":[{"href":"https:\/\/www.sinoglass.com\/fr\/wp-json\/wp\/v2\/media?parent=6258"}],"wp:term":[{"taxonomy":"product_brand","embeddable":true,"href":"https:\/\/www.sinoglass.com\/fr\/wp-json\/wp\/v2\/product_brand?post=6258"},{"taxonomy":"product_cat","embeddable":true,"href":"https:\/\/www.sinoglass.com\/fr\/wp-json\/wp\/v2\/product_cat?post=6258"},{"taxonomy":"product_tag","embeddable":true,"href":"https:\/\/www.sinoglass.com\/fr\/wp-json\/wp\/v2\/product_tag?post=6258"}],"curies":[{"name":"WP","href":"https:\/\/api.w.org\/{rel}","templated":true}]}}