{"id":6244,"date":"2024-09-13T15:48:22","date_gmt":"2024-09-13T07:48:22","guid":{"rendered":"https:\/\/www.sinoglass.com\/?post_type=product&#038;p=6244"},"modified":"2026-03-06T16:51:53","modified_gmt":"2026-03-06T08:51:53","slug":"airtight-plastic-containers","status":"publish","type":"product","link":"https:\/\/www.sinoglass.com\/fr\/product\/airtight-plastic-containers\/","title":{"rendered":"Conteneurs alimentaires en plastique \u00e9tanches #99262000"},"content":{"rendered":"<p>Tous les meilleurs \u00e9l\u00e9ments de rangement de cuisine sont dans les nouveaux conteneurs SQUARE\u2022LOK. Un grand couvercle transparent vous permet de voir le contenu, m\u00eame dans un tiroir, et le m\u00e9canisme \u00e9prouv\u00e9 du couvercle scelle et d\u00e9celle le contenu en une seule op\u00e9ration simple. L'espace limit\u00e9 de l'\u00e9tag\u00e8re n'est pas un probl\u00e8me. La forme carr\u00e9e est assise c\u00f4te \u00e0 c\u00f4te, et vous pouvez empiler les quatre tailles de SQUARE\u2022LOK pour r\u00e9pondre \u00e0 vos besoins. M\u00eame assis c\u00f4te \u00e0 c\u00f4te, les c\u00f4t\u00e9s de la forme unique du conteneur facilitent le ramassage. Le plastique clair et s\u00fbr est parfait pour une cuisine occup\u00e9e. Stockez, scellez et voyez avec SQUARE\u2022LOK!<\/p>","protected":false},"excerpt":{"rendered":"<ul>\n<li>Grand haut transparent pour afficher le contenu.<\/li>\n<li>S\u00e9curisez le couvercle d'\u00e9tanch\u00e9it\u00e9 \u00e0 une \u00e9tape.<\/li>\n<li>Bocs en plastique de qualit\u00e9 alimentaire sans BPA.<\/li>\n<li>Forme unique facile \u00e0 maintenir.<\/li>\n<li>Plusieurs tailles empilables ou personnalisables.<\/li>\n<\/ul>","protected":false},"featured_media":6247,"comment_status":"open","ping_status":"closed","template":"","meta":{"_acf_changed":false},"product_brand":[],"product_cat":[102,101,68],"product_tag":[],"class_list":{"0":"post-6244","1":"product","2":"type-product","3":"status-publish","4":"has-post-thumbnail","6":"product_cat-airtight-food-container","7":"product_cat-plastic-kitchen-storage","8":"product_cat-storage-jars","10":"first","11":"instock","12":"shipping-taxable","13":"purchasable","14":"product-type-variable"},"acf":[],"_links":{"self":[{"href":"https:\/\/www.sinoglass.com\/fr\/wp-json\/wp\/v2\/product\/6244","targetHints":{"allow":["GET"]}}],"collection":[{"href":"https:\/\/www.sinoglass.com\/fr\/wp-json\/wp\/v2\/product"}],"about":[{"href":"https:\/\/www.sinoglass.com\/fr\/wp-json\/wp\/v2\/types\/product"}],"replies":[{"embeddable":true,"href":"https:\/\/www.sinoglass.com\/fr\/wp-json\/wp\/v2\/comments?post=6244"}],"wp:featuredmedia":[{"embeddable":true,"href":"https:\/\/www.sinoglass.com\/fr\/wp-json\/wp\/v2\/media\/6247"}],"wp:attachment":[{"href":"https:\/\/www.sinoglass.com\/fr\/wp-json\/wp\/v2\/media?parent=6244"}],"wp:term":[{"taxonomy":"product_brand","embeddable":true,"href":"https:\/\/www.sinoglass.com\/fr\/wp-json\/wp\/v2\/product_brand?post=6244"},{"taxonomy":"product_cat","embeddable":true,"href":"https:\/\/www.sinoglass.com\/fr\/wp-json\/wp\/v2\/product_cat?post=6244"},{"taxonomy":"product_tag","embeddable":true,"href":"https:\/\/www.sinoglass.com\/fr\/wp-json\/wp\/v2\/product_tag?post=6244"}],"curies":[{"name":"WP","href":"https:\/\/api.w.org\/{rel}","templated":true}]}}