{"id":6221,"date":"2024-09-12T16:47:51","date_gmt":"2024-09-12T08:47:51","guid":{"rendered":"https:\/\/www.sinoglass.com\/?post_type=product&#038;p=6221"},"modified":"2024-09-12T17:05:03","modified_gmt":"2024-09-12T09:05:03","slug":"pantry-storage-glass-container","status":"publish","type":"product","link":"https:\/\/www.sinoglass.com\/fr\/product\/pantry-storage-glass-container\/","title":{"rendered":"Conteneur en verre de stockage #98391000"},"content":{"rendered":"","protected":false},"excerpt":{"rendered":"<ul>\n<li>Conception d'angle arrondi avec couvercle en deux parties pour assurer la fra\u00eecheur.<\/li>\n<li>Le couvercle peut \u00eatre utilis\u00e9 comme tasse de mesure et l'\u00e9tanch\u00e9it\u00e9 interne en silicone est facilement enlev\u00e9e.<\/li>\n<li>Fait partie de la collection SOFT CUBOID.<\/li>\n<\/ul>","protected":false},"featured_media":6227,"comment_status":"open","ping_status":"closed","template":"","meta":{"_acf_changed":false},"product_brand":[],"product_cat":[102,100,68],"product_tag":[],"class_list":{"0":"post-6221","1":"product","2":"type-product","3":"status-publish","4":"has-post-thumbnail","6":"product_cat-airtight-food-container","7":"product_cat-glass-storage-jar","8":"product_cat-storage-jars","10":"first","11":"instock","12":"shipping-taxable","13":"purchasable","14":"product-type-variable"},"acf":[],"_links":{"self":[{"href":"https:\/\/www.sinoglass.com\/fr\/wp-json\/wp\/v2\/product\/6221","targetHints":{"allow":["GET"]}}],"collection":[{"href":"https:\/\/www.sinoglass.com\/fr\/wp-json\/wp\/v2\/product"}],"about":[{"href":"https:\/\/www.sinoglass.com\/fr\/wp-json\/wp\/v2\/types\/product"}],"replies":[{"embeddable":true,"href":"https:\/\/www.sinoglass.com\/fr\/wp-json\/wp\/v2\/comments?post=6221"}],"wp:featuredmedia":[{"embeddable":true,"href":"https:\/\/www.sinoglass.com\/fr\/wp-json\/wp\/v2\/media\/6227"}],"wp:attachment":[{"href":"https:\/\/www.sinoglass.com\/fr\/wp-json\/wp\/v2\/media?parent=6221"}],"wp:term":[{"taxonomy":"product_brand","embeddable":true,"href":"https:\/\/www.sinoglass.com\/fr\/wp-json\/wp\/v2\/product_brand?post=6221"},{"taxonomy":"product_cat","embeddable":true,"href":"https:\/\/www.sinoglass.com\/fr\/wp-json\/wp\/v2\/product_cat?post=6221"},{"taxonomy":"product_tag","embeddable":true,"href":"https:\/\/www.sinoglass.com\/fr\/wp-json\/wp\/v2\/product_tag?post=6221"}],"curies":[{"name":"WP","href":"https:\/\/api.w.org\/{rel}","templated":true}]}}