{"id":6160,"date":"2024-09-11T17:21:55","date_gmt":"2024-09-11T09:21:55","guid":{"rendered":"https:\/\/www.sinoglass.com\/?post_type=product&#038;p=6160"},"modified":"2024-09-11T17:31:23","modified_gmt":"2024-09-11T09:31:23","slug":"wide-mouth-glass-jar","status":"publish","type":"product","link":"https:\/\/www.sinoglass.com\/fr\/product\/wide-mouth-glass-jar\/","title":{"rendered":"Large bouche verre pot poign\u00e9e couvercle #98751002"},"content":{"rendered":"<p>Le CAPSULE CARRY est un pot \u00e9l\u00e9gant et amusant qui a l'air droit et \u00e9tanche. Vous pouvez obtenir une vari\u00e9t\u00e9 de couleurs dans trois tailles diff\u00e9rentes. L'\u00e9tanch\u00e9it\u00e9 interne en silicone maintient tout frais.<\/p>","protected":false},"excerpt":{"rendered":"<ul>\n<li>Poign\u00e9e pratique.<\/li>\n<li>Couleurs de couvercle personnalisables.<\/li>\n<li>Verre durable et \u00e9tanch\u00e9it\u00e9 en silicone.<\/li>\n<\/ul>","protected":false},"featured_media":6165,"comment_status":"open","ping_status":"closed","template":"","meta":{"_acf_changed":false},"product_brand":[],"product_cat":[102,100,68],"product_tag":[],"class_list":{"0":"post-6160","1":"product","2":"type-product","3":"status-publish","4":"has-post-thumbnail","6":"product_cat-airtight-food-container","7":"product_cat-glass-storage-jar","8":"product_cat-storage-jars","10":"first","11":"instock","12":"shipping-taxable","13":"purchasable","14":"product-type-variable"},"acf":[],"_links":{"self":[{"href":"https:\/\/www.sinoglass.com\/fr\/wp-json\/wp\/v2\/product\/6160","targetHints":{"allow":["GET"]}}],"collection":[{"href":"https:\/\/www.sinoglass.com\/fr\/wp-json\/wp\/v2\/product"}],"about":[{"href":"https:\/\/www.sinoglass.com\/fr\/wp-json\/wp\/v2\/types\/product"}],"replies":[{"embeddable":true,"href":"https:\/\/www.sinoglass.com\/fr\/wp-json\/wp\/v2\/comments?post=6160"}],"wp:featuredmedia":[{"embeddable":true,"href":"https:\/\/www.sinoglass.com\/fr\/wp-json\/wp\/v2\/media\/6165"}],"wp:attachment":[{"href":"https:\/\/www.sinoglass.com\/fr\/wp-json\/wp\/v2\/media?parent=6160"}],"wp:term":[{"taxonomy":"product_brand","embeddable":true,"href":"https:\/\/www.sinoglass.com\/fr\/wp-json\/wp\/v2\/product_brand?post=6160"},{"taxonomy":"product_cat","embeddable":true,"href":"https:\/\/www.sinoglass.com\/fr\/wp-json\/wp\/v2\/product_cat?post=6160"},{"taxonomy":"product_tag","embeddable":true,"href":"https:\/\/www.sinoglass.com\/fr\/wp-json\/wp\/v2\/product_tag?post=6160"}],"curies":[{"name":"WP","href":"https:\/\/api.w.org\/{rel}","templated":true}]}}