{"id":6150,"date":"2024-09-11T17:11:10","date_gmt":"2024-09-11T09:11:10","guid":{"rendered":"https:\/\/www.sinoglass.com\/?post_type=product&#038;p=6150"},"modified":"2024-09-11T17:21:32","modified_gmt":"2024-09-11T09:21:32","slug":"glass-jars-screw-lids","status":"publish","type":"product","link":"https:\/\/www.sinoglass.com\/fr\/product\/glass-jars-screw-lids\/","title":{"rendered":"Couvertures en verre de cuisine mesur\u00e9es #98401001"},"content":{"rendered":"<p>La CAPSULE est un choix populaire pour le stockage en cuisine, avec des caract\u00e9ristiques \u00e9l\u00e9gantes et utiles. C'est un look qui peut \u00eatre juste pour votre cuisine.<\/p>","protected":false},"excerpt":{"rendered":"<ul>\n<li>Forme simple mais \u00e9l\u00e9gante en verre de haute qualit\u00e9.<\/li>\n<li>Torsion, couvercle \u00e9tanche a une \u00e9chelle de mesure int\u00e9gr\u00e9e.<\/li>\n<li>Fait partie de la collection CAPSULE.<\/li>\n<\/ul>","protected":false},"featured_media":6158,"comment_status":"open","ping_status":"closed","template":"","meta":{"_acf_changed":false},"product_brand":[],"product_cat":[102,100,68],"product_tag":[],"class_list":{"0":"post-6150","1":"product","2":"type-product","3":"status-publish","4":"has-post-thumbnail","6":"product_cat-airtight-food-container","7":"product_cat-glass-storage-jar","8":"product_cat-storage-jars","10":"first","11":"instock","12":"shipping-taxable","13":"purchasable","14":"product-type-variable"},"acf":[],"_links":{"self":[{"href":"https:\/\/www.sinoglass.com\/fr\/wp-json\/wp\/v2\/product\/6150","targetHints":{"allow":["GET"]}}],"collection":[{"href":"https:\/\/www.sinoglass.com\/fr\/wp-json\/wp\/v2\/product"}],"about":[{"href":"https:\/\/www.sinoglass.com\/fr\/wp-json\/wp\/v2\/types\/product"}],"replies":[{"embeddable":true,"href":"https:\/\/www.sinoglass.com\/fr\/wp-json\/wp\/v2\/comments?post=6150"}],"wp:featuredmedia":[{"embeddable":true,"href":"https:\/\/www.sinoglass.com\/fr\/wp-json\/wp\/v2\/media\/6158"}],"wp:attachment":[{"href":"https:\/\/www.sinoglass.com\/fr\/wp-json\/wp\/v2\/media?parent=6150"}],"wp:term":[{"taxonomy":"product_brand","embeddable":true,"href":"https:\/\/www.sinoglass.com\/fr\/wp-json\/wp\/v2\/product_brand?post=6150"},{"taxonomy":"product_cat","embeddable":true,"href":"https:\/\/www.sinoglass.com\/fr\/wp-json\/wp\/v2\/product_cat?post=6150"},{"taxonomy":"product_tag","embeddable":true,"href":"https:\/\/www.sinoglass.com\/fr\/wp-json\/wp\/v2\/product_tag?post=6150"}],"curies":[{"name":"WP","href":"https:\/\/api.w.org\/{rel}","templated":true}]}}