{"id":6136,"date":"2024-09-11T16:43:17","date_gmt":"2024-09-11T08:43:17","guid":{"rendered":"https:\/\/www.sinoglass.com\/?post_type=product&#038;p=6136"},"modified":"2024-09-11T17:09:06","modified_gmt":"2024-09-11T09:09:06","slug":"glass-canister-set","status":"publish","type":"product","link":"https:\/\/www.sinoglass.com\/fr\/product\/glass-canister-set\/","title":{"rendered":"Bouti\u00e8re en verre grossisseur Top Set #98831002"},"content":{"rendered":"<p>Parfait pour une armoire ou un tiroir, le pot BIG EYE a une surprise \u2013 vous n\u2019avez pas \u00e0 regarder trop de pr\u00e8s parce que le haut est une loupe. Non seulement vous pouvez voir ce qui reste, mais vous pouvez le voir tr\u00e8s clairement. L\u2019autre caract\u00e9ristique du couvercle est une surface textur\u00e9e facile \u00e0 gripper qui rend l\u2019ouverture rapide.<\/p>","protected":false},"excerpt":{"rendered":"<ul>\n<li>Voir les ingr\u00e9dients du c\u00f4t\u00e9 ou du haut.<\/li>\n<li>Couverture textur\u00e9e pour une adh\u00e9rence stable.<\/li>\n<li>La loupe Big Eye donne une vue claire.<\/li>\n<\/ul>","protected":false},"featured_media":6147,"comment_status":"open","ping_status":"closed","template":"","meta":{"_acf_changed":false},"product_brand":[],"product_cat":[102,100,68],"product_tag":[],"class_list":{"0":"post-6136","1":"product","2":"type-product","3":"status-publish","4":"has-post-thumbnail","6":"product_cat-airtight-food-container","7":"product_cat-glass-storage-jar","8":"product_cat-storage-jars","10":"first","11":"instock","12":"shipping-taxable","13":"purchasable","14":"product-type-variable"},"acf":[],"_links":{"self":[{"href":"https:\/\/www.sinoglass.com\/fr\/wp-json\/wp\/v2\/product\/6136","targetHints":{"allow":["GET"]}}],"collection":[{"href":"https:\/\/www.sinoglass.com\/fr\/wp-json\/wp\/v2\/product"}],"about":[{"href":"https:\/\/www.sinoglass.com\/fr\/wp-json\/wp\/v2\/types\/product"}],"replies":[{"embeddable":true,"href":"https:\/\/www.sinoglass.com\/fr\/wp-json\/wp\/v2\/comments?post=6136"}],"wp:featuredmedia":[{"embeddable":true,"href":"https:\/\/www.sinoglass.com\/fr\/wp-json\/wp\/v2\/media\/6147"}],"wp:attachment":[{"href":"https:\/\/www.sinoglass.com\/fr\/wp-json\/wp\/v2\/media?parent=6136"}],"wp:term":[{"taxonomy":"product_brand","embeddable":true,"href":"https:\/\/www.sinoglass.com\/fr\/wp-json\/wp\/v2\/product_brand?post=6136"},{"taxonomy":"product_cat","embeddable":true,"href":"https:\/\/www.sinoglass.com\/fr\/wp-json\/wp\/v2\/product_cat?post=6136"},{"taxonomy":"product_tag","embeddable":true,"href":"https:\/\/www.sinoglass.com\/fr\/wp-json\/wp\/v2\/product_tag?post=6136"}],"curies":[{"name":"WP","href":"https:\/\/api.w.org\/{rel}","templated":true}]}}