{"id":6116,"date":"2024-09-11T16:01:59","date_gmt":"2024-09-11T08:01:59","guid":{"rendered":"https:\/\/www.sinoglass.com\/?post_type=product&#038;p=6116"},"modified":"2024-09-11T16:25:33","modified_gmt":"2024-09-11T08:25:33","slug":"glass-airtight-containers-for-kitchen","status":"publish","type":"product","link":"https:\/\/www.sinoglass.com\/fr\/product\/glass-airtight-containers-for-kitchen\/","title":{"rendered":"Conteneurs \u00e9tanches en verre pour cuisine #99162003"},"content":{"rendered":"<p>Un pot n'est qu'un pot, sauf si c'est le CLICKER surmont\u00e9 par notre nouvelle presse D\u00e9gagez le couvercle scell\u00e9 en silicone. Appuyez vers le bas, entendez le clic et laissez-le aller. Le couvercle s'ouvre automatiquement. Appuyez \u00e0 nouveau, entendez le clic, et le couvercle verrouille et scelle. Une autre innovation nouvelle et amusante, le CLICKER est disponible en quatre tailles de verre robuste et hygi\u00e9nique.<\/p>","protected":false},"excerpt":{"rendered":"<ul>\n<li>Presse innovante et lib\u00e9rer le couvercle.<\/li>\n<li>Seal en silicone \u00e9tanche.<\/li>\n<li>Deux tailles disponibles en verre robuste.<\/li>\n<\/ul>","protected":false},"featured_media":6124,"comment_status":"open","ping_status":"closed","template":"","meta":{"_acf_changed":false},"product_brand":[],"product_cat":[102,100,68],"product_tag":[],"class_list":{"0":"post-6116","1":"product","2":"type-product","3":"status-publish","4":"has-post-thumbnail","6":"product_cat-airtight-food-container","7":"product_cat-glass-storage-jar","8":"product_cat-storage-jars","10":"first","11":"instock","12":"shipping-taxable","13":"purchasable","14":"product-type-variable"},"acf":[],"_links":{"self":[{"href":"https:\/\/www.sinoglass.com\/fr\/wp-json\/wp\/v2\/product\/6116","targetHints":{"allow":["GET"]}}],"collection":[{"href":"https:\/\/www.sinoglass.com\/fr\/wp-json\/wp\/v2\/product"}],"about":[{"href":"https:\/\/www.sinoglass.com\/fr\/wp-json\/wp\/v2\/types\/product"}],"replies":[{"embeddable":true,"href":"https:\/\/www.sinoglass.com\/fr\/wp-json\/wp\/v2\/comments?post=6116"}],"wp:featuredmedia":[{"embeddable":true,"href":"https:\/\/www.sinoglass.com\/fr\/wp-json\/wp\/v2\/media\/6124"}],"wp:attachment":[{"href":"https:\/\/www.sinoglass.com\/fr\/wp-json\/wp\/v2\/media?parent=6116"}],"wp:term":[{"taxonomy":"product_brand","embeddable":true,"href":"https:\/\/www.sinoglass.com\/fr\/wp-json\/wp\/v2\/product_brand?post=6116"},{"taxonomy":"product_cat","embeddable":true,"href":"https:\/\/www.sinoglass.com\/fr\/wp-json\/wp\/v2\/product_cat?post=6116"},{"taxonomy":"product_tag","embeddable":true,"href":"https:\/\/www.sinoglass.com\/fr\/wp-json\/wp\/v2\/product_tag?post=6116"}],"curies":[{"name":"WP","href":"https:\/\/api.w.org\/{rel}","templated":true}]}}