{"id":6103,"date":"2024-09-11T15:22:43","date_gmt":"2024-09-11T07:22:43","guid":{"rendered":"https:\/\/www.sinoglass.com\/?post_type=product&#038;p=6103"},"modified":"2024-09-11T16:01:21","modified_gmt":"2024-09-11T08:01:21","slug":"glass-vacuum-seal-containers","status":"publish","type":"product","link":"https:\/\/www.sinoglass.com\/fr\/product\/glass-vacuum-seal-containers\/","title":{"rendered":"Conteneurs d'\u00e9tanch\u00e9it\u00e9 sous vide en verre #97751003"},"content":{"rendered":"<p>Un pot de stockage de qualit\u00e9, un couvercle en plastique robuste dans une gamme de couleurs et une vanne en silicone sous vide - c'est presque suffisant. Mais nous avons ajout\u00e9 une fonction de date pour que vous sachiez quand vous avez stock\u00e9 la nourriture. Il suffit de faire tourner la vanne d'air pour indiquer la date. La pompe \u00e0 vide incluse permet d'enlever facilement tout l'air pour une fra\u00eecheur suppl\u00e9mentaire.<\/p>","protected":false},"excerpt":{"rendered":"<ul>\n<li>Stockage en verre avec \u00e9tanch\u00e9it\u00e9 sous vide, deux tailles.<\/li>\n<li>Caract\u00e9ristique de date pour plus de fra\u00eecheur.<\/li>\n<li>Pompe \u00e0 vide manuelle incluse.<\/li>\n<\/ul>","protected":false},"featured_media":6107,"comment_status":"open","ping_status":"closed","template":"","meta":{"_acf_changed":false},"product_brand":[],"product_cat":[102,100,68],"product_tag":[],"class_list":{"0":"post-6103","1":"product","2":"type-product","3":"status-publish","4":"has-post-thumbnail","6":"product_cat-airtight-food-container","7":"product_cat-glass-storage-jar","8":"product_cat-storage-jars","10":"first","11":"instock","12":"shipping-taxable","13":"purchasable","14":"product-type-variable"},"acf":[],"_links":{"self":[{"href":"https:\/\/www.sinoglass.com\/fr\/wp-json\/wp\/v2\/product\/6103","targetHints":{"allow":["GET"]}}],"collection":[{"href":"https:\/\/www.sinoglass.com\/fr\/wp-json\/wp\/v2\/product"}],"about":[{"href":"https:\/\/www.sinoglass.com\/fr\/wp-json\/wp\/v2\/types\/product"}],"replies":[{"embeddable":true,"href":"https:\/\/www.sinoglass.com\/fr\/wp-json\/wp\/v2\/comments?post=6103"}],"wp:featuredmedia":[{"embeddable":true,"href":"https:\/\/www.sinoglass.com\/fr\/wp-json\/wp\/v2\/media\/6107"}],"wp:attachment":[{"href":"https:\/\/www.sinoglass.com\/fr\/wp-json\/wp\/v2\/media?parent=6103"}],"wp:term":[{"taxonomy":"product_brand","embeddable":true,"href":"https:\/\/www.sinoglass.com\/fr\/wp-json\/wp\/v2\/product_brand?post=6103"},{"taxonomy":"product_cat","embeddable":true,"href":"https:\/\/www.sinoglass.com\/fr\/wp-json\/wp\/v2\/product_cat?post=6103"},{"taxonomy":"product_tag","embeddable":true,"href":"https:\/\/www.sinoglass.com\/fr\/wp-json\/wp\/v2\/product_tag?post=6103"}],"curies":[{"name":"WP","href":"https:\/\/api.w.org\/{rel}","templated":true}]}}