{"id":6058,"date":"2024-09-11T11:32:46","date_gmt":"2024-09-11T03:32:46","guid":{"rendered":"https:\/\/www.sinoglass.com\/?post_type=product&#038;p=6058"},"modified":"2024-09-11T14:02:20","modified_gmt":"2024-09-11T06:02:20","slug":"flip-tight-glass-food-storage-containers","status":"publish","type":"product","link":"https:\/\/www.sinoglass.com\/fr\/product\/flip-tight-glass-food-storage-containers\/","title":{"rendered":"Conteneurs de stockage alimentaire en verre serr\u00e9 #99082000"},"content":{"rendered":"<p>Test\u00e9 et \u00e9prouv\u00e9 dans le temps, l'\u00e9tanch\u00e9it\u00e9 annulaire rapide et efficace est assist\u00e9e par un ressort pour une op\u00e9ration d'un doigt. Lorsque l'onglet est ferm\u00e9, l'\u00e9tanch\u00e9it\u00e9 en silicone applique une pression uniforme autour du pot pour une fra\u00eecheur \u00e9tanche. Pour \u00e9conomiser de l'espace, le JULIUS est con\u00e7u pour empiler en toute s\u00e9curit\u00e9. Quatre tailles disponibles peuvent r\u00e9pondre \u00e0 tous vos besoins de stockage dans un espace hygi\u00e9nique et pratique.<\/p>","protected":false},"excerpt":{"rendered":"<ul>\n<li>\u00c9tiquette assist\u00e9e par ressort pour une ouverture facile.<\/li>\n<li>Quatre tailles disponibles pour empiler en toute s\u00e9curit\u00e9.<\/li>\n<li>Seal anneau en silicone uniforme et fort.<\/li>\n<\/ul>","protected":false},"featured_media":6068,"comment_status":"open","ping_status":"closed","template":"","meta":{"_acf_changed":false},"product_brand":[],"product_cat":[102,100,68],"product_tag":[],"class_list":{"0":"post-6058","1":"product","2":"type-product","3":"status-publish","4":"has-post-thumbnail","6":"product_cat-airtight-food-container","7":"product_cat-glass-storage-jar","8":"product_cat-storage-jars","10":"first","11":"instock","12":"shipping-taxable","13":"purchasable","14":"product-type-variable"},"acf":[],"_links":{"self":[{"href":"https:\/\/www.sinoglass.com\/fr\/wp-json\/wp\/v2\/product\/6058","targetHints":{"allow":["GET"]}}],"collection":[{"href":"https:\/\/www.sinoglass.com\/fr\/wp-json\/wp\/v2\/product"}],"about":[{"href":"https:\/\/www.sinoglass.com\/fr\/wp-json\/wp\/v2\/types\/product"}],"replies":[{"embeddable":true,"href":"https:\/\/www.sinoglass.com\/fr\/wp-json\/wp\/v2\/comments?post=6058"}],"wp:featuredmedia":[{"embeddable":true,"href":"https:\/\/www.sinoglass.com\/fr\/wp-json\/wp\/v2\/media\/6068"}],"wp:attachment":[{"href":"https:\/\/www.sinoglass.com\/fr\/wp-json\/wp\/v2\/media?parent=6058"}],"wp:term":[{"taxonomy":"product_brand","embeddable":true,"href":"https:\/\/www.sinoglass.com\/fr\/wp-json\/wp\/v2\/product_brand?post=6058"},{"taxonomy":"product_cat","embeddable":true,"href":"https:\/\/www.sinoglass.com\/fr\/wp-json\/wp\/v2\/product_cat?post=6058"},{"taxonomy":"product_tag","embeddable":true,"href":"https:\/\/www.sinoglass.com\/fr\/wp-json\/wp\/v2\/product_tag?post=6058"}],"curies":[{"name":"WP","href":"https:\/\/api.w.org\/{rel}","templated":true}]}}