{"id":6046,"date":"2024-09-11T11:08:50","date_gmt":"2024-09-11T03:08:50","guid":{"rendered":"https:\/\/www.sinoglass.com\/?post_type=product&#038;p=6046"},"modified":"2024-09-11T11:31:50","modified_gmt":"2024-09-11T03:31:50","slug":"glass-jar-stainless-steel-lid","status":"publish","type":"product","link":"https:\/\/www.sinoglass.com\/fr\/product\/glass-jar-stainless-steel-lid\/","title":{"rendered":"Couverture en acier inoxydable en verre carr\u00e9 #9919A000"},"content":{"rendered":"<p>D\u00e9couvrez le m\u00e9lange parfait de style et de fonctionnalit\u00e9 avec SQUARE STORE&#8217; s pot carr\u00e9 pour le stockage de cuisine. Dot\u00e9 d'un design carr\u00e9 moderne avec des coins arrondis, ce pot s'installe compactement sur votre \u00e9tag\u00e8re, maximisant l'espace. Le verre transparent permet d'identifier facilement le contenu, tandis que l'\u00e9l\u00e9gant couvercle en bambou assure un \u00e9tanch\u00e9it\u00e9 pour garder vos aliments frais. \u00c9levez votre organisation de cuisine avec notre pot carr\u00e9 soign\u00e9 et efficace.<\/p>","protected":false},"excerpt":{"rendered":"<p>\u2022 Borosilicate de haute qualit\u00e9 en forme carr\u00e9e.<br \/>\n\u2022 Couverture en acier inoxydable 18\/8 avec joint en silicone.<br \/>\n\u2022 Trois tailles disponibles ou personnalis\u00e9es.<\/p>","protected":false},"featured_media":6052,"comment_status":"open","ping_status":"closed","template":"","meta":{"_acf_changed":false},"product_brand":[],"product_cat":[100,68],"product_tag":[],"class_list":{"0":"post-6046","1":"product","2":"type-product","3":"status-publish","4":"has-post-thumbnail","6":"product_cat-glass-storage-jar","7":"product_cat-storage-jars","9":"first","10":"instock","11":"shipping-taxable","12":"purchasable","13":"product-type-variable"},"acf":[],"_links":{"self":[{"href":"https:\/\/www.sinoglass.com\/fr\/wp-json\/wp\/v2\/product\/6046","targetHints":{"allow":["GET"]}}],"collection":[{"href":"https:\/\/www.sinoglass.com\/fr\/wp-json\/wp\/v2\/product"}],"about":[{"href":"https:\/\/www.sinoglass.com\/fr\/wp-json\/wp\/v2\/types\/product"}],"replies":[{"embeddable":true,"href":"https:\/\/www.sinoglass.com\/fr\/wp-json\/wp\/v2\/comments?post=6046"}],"wp:featuredmedia":[{"embeddable":true,"href":"https:\/\/www.sinoglass.com\/fr\/wp-json\/wp\/v2\/media\/6052"}],"wp:attachment":[{"href":"https:\/\/www.sinoglass.com\/fr\/wp-json\/wp\/v2\/media?parent=6046"}],"wp:term":[{"taxonomy":"product_brand","embeddable":true,"href":"https:\/\/www.sinoglass.com\/fr\/wp-json\/wp\/v2\/product_brand?post=6046"},{"taxonomy":"product_cat","embeddable":true,"href":"https:\/\/www.sinoglass.com\/fr\/wp-json\/wp\/v2\/product_cat?post=6046"},{"taxonomy":"product_tag","embeddable":true,"href":"https:\/\/www.sinoglass.com\/fr\/wp-json\/wp\/v2\/product_tag?post=6046"}],"curies":[{"name":"WP","href":"https:\/\/api.w.org\/{rel}","templated":true}]}}