{"id":6038,"date":"2024-09-10T16:44:16","date_gmt":"2024-09-10T08:44:16","guid":{"rendered":"https:\/\/www.sinoglass.com\/?post_type=product&#038;p=6038"},"modified":"2024-09-10T17:04:08","modified_gmt":"2024-09-10T09:04:08","slug":"glass-food-jar-clamp-locking-lid","status":"publish","type":"product","link":"https:\/\/www.sinoglass.com\/fr\/product\/glass-food-jar-clamp-locking-lid\/","title":{"rendered":"Couverture de verrouillage de la pince du pot alimentaire en verre #98659001"},"content":{"rendered":"<p>Cette forme classique est conviviale et robuste. Le m\u00e9canisme de verrouillage \u00e9tanche \u00e0 l'air et \u00e0 l'humidit\u00e9 est familier et efficace. Le bambou \u00e9l\u00e9gant ajoute juste la bonne touche de classe et se m\u00e9lange avec presque tout d\u00e9cor.<\/p>","protected":false},"excerpt":{"rendered":"<p>\u2022 Stockage de grande capacit\u00e9 dans un espace efficace.<br \/>\n\u2022 Disponible en quatre tailles.<br \/>\n\u2022 Couverture en bambou \u00e9l\u00e9gante pour toutes vos options de d\u00e9coration.<br \/>\n\u2022 M\u00e9canisme de verrouillage familier et efficace.<\/p>","protected":false},"featured_media":6040,"comment_status":"open","ping_status":"closed","template":"","meta":{"_acf_changed":false},"product_brand":[],"product_cat":[102,100,68,88],"product_tag":[],"class_list":{"0":"post-6038","1":"product","2":"type-product","3":"status-publish","4":"has-post-thumbnail","6":"product_cat-airtight-food-container","7":"product_cat-glass-storage-jar","8":"product_cat-storage-jars","9":"product_cat-wooden-lid-jar","11":"first","12":"instock","13":"shipping-taxable","14":"purchasable","15":"product-type-variable"},"acf":[],"_links":{"self":[{"href":"https:\/\/www.sinoglass.com\/fr\/wp-json\/wp\/v2\/product\/6038","targetHints":{"allow":["GET"]}}],"collection":[{"href":"https:\/\/www.sinoglass.com\/fr\/wp-json\/wp\/v2\/product"}],"about":[{"href":"https:\/\/www.sinoglass.com\/fr\/wp-json\/wp\/v2\/types\/product"}],"replies":[{"embeddable":true,"href":"https:\/\/www.sinoglass.com\/fr\/wp-json\/wp\/v2\/comments?post=6038"}],"wp:featuredmedia":[{"embeddable":true,"href":"https:\/\/www.sinoglass.com\/fr\/wp-json\/wp\/v2\/media\/6040"}],"wp:attachment":[{"href":"https:\/\/www.sinoglass.com\/fr\/wp-json\/wp\/v2\/media?parent=6038"}],"wp:term":[{"taxonomy":"product_brand","embeddable":true,"href":"https:\/\/www.sinoglass.com\/fr\/wp-json\/wp\/v2\/product_brand?post=6038"},{"taxonomy":"product_cat","embeddable":true,"href":"https:\/\/www.sinoglass.com\/fr\/wp-json\/wp\/v2\/product_cat?post=6038"},{"taxonomy":"product_tag","embeddable":true,"href":"https:\/\/www.sinoglass.com\/fr\/wp-json\/wp\/v2\/product_tag?post=6038"}],"curies":[{"name":"WP","href":"https:\/\/api.w.org\/{rel}","templated":true}]}}