{"id":6030,"date":"2024-09-10T16:28:12","date_gmt":"2024-09-10T08:28:12","guid":{"rendered":"https:\/\/www.sinoglass.com\/?post_type=product&#038;p=6030"},"modified":"2024-09-10T16:44:07","modified_gmt":"2024-09-10T08:44:07","slug":"large-glass-jar-with-bamboo-lid","status":"publish","type":"product","link":"https:\/\/www.sinoglass.com\/fr\/product\/large-glass-jar-with-bamboo-lid\/","title":{"rendered":"Grand pot en verre avec couvercle en bambou #99039010"},"content":{"rendered":"<p>Le BIG BAMBOO prend l'\u00e9l\u00e9gance et la polyvalence du bambou et ajoute la s\u00e9curit\u00e9 d'un couvercle vissable robuste. Avec quatre tailles au choix, le BIG BAMBOO peut stocker tout ce dont vous avez besoin, et le faire avec style.<\/p>","protected":false},"excerpt":{"rendered":"<ul>\n<li>Grande capacit\u00e9, pot en forme de ventre.<\/li>\n<li>Couverture robuste avec \u00e9tanch\u00e9it\u00e9 en silicone.<\/li>\n<li>Trois tailles disponibles ou personnalis\u00e9es.<\/li>\n<li>Zone easy-grip encastr\u00e9e.<\/li>\n<\/ul>\n<p>&nbsp;<\/p>","protected":false},"featured_media":6036,"comment_status":"open","ping_status":"closed","template":"","meta":{"_acf_changed":false},"product_brand":[],"product_cat":[102,100,68,88],"product_tag":[],"class_list":{"0":"post-6030","1":"product","2":"type-product","3":"status-publish","4":"has-post-thumbnail","6":"product_cat-airtight-food-container","7":"product_cat-glass-storage-jar","8":"product_cat-storage-jars","9":"product_cat-wooden-lid-jar","11":"first","12":"instock","13":"shipping-taxable","14":"purchasable","15":"product-type-variable"},"acf":[],"_links":{"self":[{"href":"https:\/\/www.sinoglass.com\/fr\/wp-json\/wp\/v2\/product\/6030","targetHints":{"allow":["GET"]}}],"collection":[{"href":"https:\/\/www.sinoglass.com\/fr\/wp-json\/wp\/v2\/product"}],"about":[{"href":"https:\/\/www.sinoglass.com\/fr\/wp-json\/wp\/v2\/types\/product"}],"replies":[{"embeddable":true,"href":"https:\/\/www.sinoglass.com\/fr\/wp-json\/wp\/v2\/comments?post=6030"}],"wp:featuredmedia":[{"embeddable":true,"href":"https:\/\/www.sinoglass.com\/fr\/wp-json\/wp\/v2\/media\/6036"}],"wp:attachment":[{"href":"https:\/\/www.sinoglass.com\/fr\/wp-json\/wp\/v2\/media?parent=6030"}],"wp:term":[{"taxonomy":"product_brand","embeddable":true,"href":"https:\/\/www.sinoglass.com\/fr\/wp-json\/wp\/v2\/product_brand?post=6030"},{"taxonomy":"product_cat","embeddable":true,"href":"https:\/\/www.sinoglass.com\/fr\/wp-json\/wp\/v2\/product_cat?post=6030"},{"taxonomy":"product_tag","embeddable":true,"href":"https:\/\/www.sinoglass.com\/fr\/wp-json\/wp\/v2\/product_tag?post=6030"}],"curies":[{"name":"WP","href":"https:\/\/api.w.org\/{rel}","templated":true}]}}