{"id":6024,"date":"2024-09-10T16:05:22","date_gmt":"2024-09-10T08:05:22","guid":{"rendered":"https:\/\/www.sinoglass.com\/?post_type=product&#038;p=6024"},"modified":"2024-09-10T16:27:45","modified_gmt":"2024-09-10T08:27:45","slug":"glass-canister-with-wood-lid","status":"publish","type":"product","link":"https:\/\/www.sinoglass.com\/fr\/product\/glass-canister-with-wood-lid\/","title":{"rendered":"Grand r\u00e9servoir en verre avec couvercle en bois #98739001"},"content":{"rendered":"<p>Le BIG BAMBOO prend l'\u00e9l\u00e9gance et la polyvalence du bambou et ajoute la s\u00e9curit\u00e9 d'un couvercle vissable robuste. Avec quatre tailles au choix, le BIG BAMBOO peut stocker tout ce dont vous avez besoin, et le faire avec style.<\/p>","protected":false},"excerpt":{"rendered":"<p>\u2022 Grand capacit\u00e9, pot en forme de ventre.<br \/>\n\u2022 Couverture robuste avec \u00e9tanch\u00e9it\u00e9 en silicone.<br \/>\n\u2022 Quatre tailles disponibles ou personnalis\u00e9es.<\/p>","protected":false},"featured_media":6028,"comment_status":"open","ping_status":"closed","template":"","meta":{"_acf_changed":false},"product_brand":[],"product_cat":[102,100,68,88],"product_tag":[],"class_list":{"0":"post-6024","1":"product","2":"type-product","3":"status-publish","4":"has-post-thumbnail","6":"product_cat-airtight-food-container","7":"product_cat-glass-storage-jar","8":"product_cat-storage-jars","9":"product_cat-wooden-lid-jar","11":"first","12":"instock","13":"shipping-taxable","14":"purchasable","15":"product-type-variable"},"acf":[],"_links":{"self":[{"href":"https:\/\/www.sinoglass.com\/fr\/wp-json\/wp\/v2\/product\/6024","targetHints":{"allow":["GET"]}}],"collection":[{"href":"https:\/\/www.sinoglass.com\/fr\/wp-json\/wp\/v2\/product"}],"about":[{"href":"https:\/\/www.sinoglass.com\/fr\/wp-json\/wp\/v2\/types\/product"}],"replies":[{"embeddable":true,"href":"https:\/\/www.sinoglass.com\/fr\/wp-json\/wp\/v2\/comments?post=6024"}],"wp:featuredmedia":[{"embeddable":true,"href":"https:\/\/www.sinoglass.com\/fr\/wp-json\/wp\/v2\/media\/6028"}],"wp:attachment":[{"href":"https:\/\/www.sinoglass.com\/fr\/wp-json\/wp\/v2\/media?parent=6024"}],"wp:term":[{"taxonomy":"product_brand","embeddable":true,"href":"https:\/\/www.sinoglass.com\/fr\/wp-json\/wp\/v2\/product_brand?post=6024"},{"taxonomy":"product_cat","embeddable":true,"href":"https:\/\/www.sinoglass.com\/fr\/wp-json\/wp\/v2\/product_cat?post=6024"},{"taxonomy":"product_tag","embeddable":true,"href":"https:\/\/www.sinoglass.com\/fr\/wp-json\/wp\/v2\/product_tag?post=6024"}],"curies":[{"name":"WP","href":"https:\/\/api.w.org\/{rel}","templated":true}]}}