{"id":6004,"date":"2024-09-10T15:16:30","date_gmt":"2024-09-10T07:16:30","guid":{"rendered":"https:\/\/www.sinoglass.com\/?post_type=product&#038;p=6004"},"modified":"2024-09-10T15:47:54","modified_gmt":"2024-09-10T07:47:54","slug":"glass-jar-with-bamboo-lid","status":"publish","type":"product","link":"https:\/\/www.sinoglass.com\/fr\/product\/glass-jar-with-bamboo-lid\/","title":{"rendered":"Boc en verre avec couvercle en bambou en gros #99099000"},"content":{"rendered":"<p>Nos bocaux en borosilicate offrent un stockage simple pour toutes vos p\u00e2tes avec un \u00e9l\u00e9gant couvercle en bambou et un sceau en silicone.<\/p>","protected":false},"excerpt":{"rendered":"<p>\u2022 Disponible en trois tailles ou personnalis\u00e9.<br \/>\n\u2022 Couverture en bambou \u00e9l\u00e9gante pour toutes vos options de d\u00e9coration.<br \/>\n\u2022 Bague en silicone pour un \u00e9tanch\u00e9it\u00e9 stable.<\/p>","protected":false},"featured_media":6013,"comment_status":"open","ping_status":"closed","template":"","meta":{"_acf_changed":false},"product_brand":[],"product_cat":[100,68,88],"product_tag":[],"class_list":{"0":"post-6004","1":"product","2":"type-product","3":"status-publish","4":"has-post-thumbnail","6":"product_cat-glass-storage-jar","7":"product_cat-storage-jars","8":"product_cat-wooden-lid-jar","10":"first","11":"instock","12":"shipping-taxable","13":"purchasable","14":"product-type-variable"},"acf":[],"_links":{"self":[{"href":"https:\/\/www.sinoglass.com\/fr\/wp-json\/wp\/v2\/product\/6004","targetHints":{"allow":["GET"]}}],"collection":[{"href":"https:\/\/www.sinoglass.com\/fr\/wp-json\/wp\/v2\/product"}],"about":[{"href":"https:\/\/www.sinoglass.com\/fr\/wp-json\/wp\/v2\/types\/product"}],"replies":[{"embeddable":true,"href":"https:\/\/www.sinoglass.com\/fr\/wp-json\/wp\/v2\/comments?post=6004"}],"wp:featuredmedia":[{"embeddable":true,"href":"https:\/\/www.sinoglass.com\/fr\/wp-json\/wp\/v2\/media\/6013"}],"wp:attachment":[{"href":"https:\/\/www.sinoglass.com\/fr\/wp-json\/wp\/v2\/media?parent=6004"}],"wp:term":[{"taxonomy":"product_brand","embeddable":true,"href":"https:\/\/www.sinoglass.com\/fr\/wp-json\/wp\/v2\/product_brand?post=6004"},{"taxonomy":"product_cat","embeddable":true,"href":"https:\/\/www.sinoglass.com\/fr\/wp-json\/wp\/v2\/product_cat?post=6004"},{"taxonomy":"product_tag","embeddable":true,"href":"https:\/\/www.sinoglass.com\/fr\/wp-json\/wp\/v2\/product_tag?post=6004"}],"curies":[{"name":"WP","href":"https:\/\/api.w.org\/{rel}","templated":true}]}}