{"id":5995,"date":"2024-09-10T14:43:43","date_gmt":"2024-09-10T06:43:43","guid":{"rendered":"https:\/\/www.sinoglass.com\/?post_type=product&#038;p=5995"},"modified":"2024-09-10T17:55:03","modified_gmt":"2024-09-10T09:55:03","slug":"bamboo-lid-jars-for-kitchen","status":"publish","type":"product","link":"https:\/\/www.sinoglass.com\/fr\/product\/bamboo-lid-jars-for-kitchen\/","title":{"rendered":"Bocs de couvercle en bambou pour cuisine #98179000"},"content":{"rendered":"<p>Parfois, le plastique l\u00e9ger et durable est la meilleure solution de stockage. S'il est surmont\u00e9 de nos nouveaux couvercles en bambou, scell\u00e9s de silicone et comprend une vanne de lib\u00e9ration d'air pour la fra\u00eecheur, il peut \u00eatre exactement ce dont vous avez besoin. Et c\u2019est ce que BAMBOO FRESH est, une solution de stockage parfaite dans quatre tailles disponibles.<\/p>","protected":false},"excerpt":{"rendered":"<ul>\n<li>Stockage en plastique en forme carr\u00e9e.<\/li>\n<li>Couverture en bambou \u00e9l\u00e9gante avec \u00e9tanch\u00e9it\u00e9 en silicone et vanne de lib\u00e9ration d'air.<\/li>\n<li>Quatre tailles disponibles ou personnalis\u00e9es.<\/li>\n<\/ul>","protected":false},"featured_media":5997,"comment_status":"open","ping_status":"closed","template":"","meta":{"_acf_changed":false},"product_brand":[],"product_cat":[101,68,88],"product_tag":[],"class_list":{"0":"post-5995","1":"product","2":"type-product","3":"status-publish","4":"has-post-thumbnail","6":"product_cat-plastic-kitchen-storage","7":"product_cat-storage-jars","8":"product_cat-wooden-lid-jar","10":"first","11":"instock","12":"shipping-taxable","13":"purchasable","14":"product-type-variable"},"acf":[],"_links":{"self":[{"href":"https:\/\/www.sinoglass.com\/fr\/wp-json\/wp\/v2\/product\/5995","targetHints":{"allow":["GET"]}}],"collection":[{"href":"https:\/\/www.sinoglass.com\/fr\/wp-json\/wp\/v2\/product"}],"about":[{"href":"https:\/\/www.sinoglass.com\/fr\/wp-json\/wp\/v2\/types\/product"}],"replies":[{"embeddable":true,"href":"https:\/\/www.sinoglass.com\/fr\/wp-json\/wp\/v2\/comments?post=5995"}],"wp:featuredmedia":[{"embeddable":true,"href":"https:\/\/www.sinoglass.com\/fr\/wp-json\/wp\/v2\/media\/5997"}],"wp:attachment":[{"href":"https:\/\/www.sinoglass.com\/fr\/wp-json\/wp\/v2\/media?parent=5995"}],"wp:term":[{"taxonomy":"product_brand","embeddable":true,"href":"https:\/\/www.sinoglass.com\/fr\/wp-json\/wp\/v2\/product_brand?post=5995"},{"taxonomy":"product_cat","embeddable":true,"href":"https:\/\/www.sinoglass.com\/fr\/wp-json\/wp\/v2\/product_cat?post=5995"},{"taxonomy":"product_tag","embeddable":true,"href":"https:\/\/www.sinoglass.com\/fr\/wp-json\/wp\/v2\/product_tag?post=5995"}],"curies":[{"name":"WP","href":"https:\/\/api.w.org\/{rel}","templated":true}]}}