{"id":5811,"date":"2024-07-19T09:50:22","date_gmt":"2024-07-19T01:50:22","guid":{"rendered":"https:\/\/www.sinoglass.com\/?post_type=product&#038;p=5811"},"modified":"2024-09-04T13:29:20","modified_gmt":"2024-09-04T05:29:20","slug":"french-press-coffee-maker","status":"publish","type":"product","link":"https:\/\/www.sinoglass.com\/fr\/product\/french-press-coffee-maker\/","title":{"rendered":"Cafeti\u00e8re \u00e0 presse fran\u00e7aise #68462004"},"content":{"rendered":"<p>Le caf\u00e9 \u00e0 presse fran\u00e7aise est connu pour sa saveur lisse et riche. Il est \u00e9galement connu pour les r\u00e9sidus boueux sur le fond de votre tasse si le broyage n\u2019est pas juste. Notre syst\u00e8me de filtration 3 couches r\u00e9cemment brevet\u00e9 r\u00e9sout ce probl\u00e8me. Vous pouvez utiliser un moulin plus fin pour plus de saveur, le temps de brassage est plus court et le caf\u00e9 est propre. Le CLEARBREW\u00ae innove l\u00e0 o\u00f9 il compte \u2013 dans le syst\u00e8me de filtration. Le PERFECT-IN-3 comprend un minuteur de 3 minutes dans la poign\u00e9e pour cette tasse parfaitement chronom\u00e9tr\u00e9e.<\/p>","protected":false},"excerpt":{"rendered":"<ul>\n<li>L'innovation de filtre brevet\u00e9e cr\u00e9e une tasse propre.<\/li>\n<li>La maille fine en acier inoxydable du filtre vous permet d'utiliser un broyage plus fin.<\/li>\n<li>Inclut un minuteur de 3 minutes dans la poign\u00e9e pour cette tasse parfaitement chronom\u00e9tr\u00e9e.<\/li>\n<\/ul>","protected":false},"featured_media":5815,"comment_status":"open","ping_status":"closed","template":"","meta":{"_acf_changed":false},"product_brand":[],"product_cat":[72,115],"product_tag":[],"class_list":{"0":"post-5811","1":"product","2":"type-product","3":"status-publish","4":"has-post-thumbnail","6":"product_cat-carafe-pitcher","7":"product_cat-french-press-coffee-maker","9":"first","10":"instock","11":"shipping-taxable","12":"purchasable","13":"product-type-variable"},"acf":[],"_links":{"self":[{"href":"https:\/\/www.sinoglass.com\/fr\/wp-json\/wp\/v2\/product\/5811","targetHints":{"allow":["GET"]}}],"collection":[{"href":"https:\/\/www.sinoglass.com\/fr\/wp-json\/wp\/v2\/product"}],"about":[{"href":"https:\/\/www.sinoglass.com\/fr\/wp-json\/wp\/v2\/types\/product"}],"replies":[{"embeddable":true,"href":"https:\/\/www.sinoglass.com\/fr\/wp-json\/wp\/v2\/comments?post=5811"}],"wp:featuredmedia":[{"embeddable":true,"href":"https:\/\/www.sinoglass.com\/fr\/wp-json\/wp\/v2\/media\/5815"}],"wp:attachment":[{"href":"https:\/\/www.sinoglass.com\/fr\/wp-json\/wp\/v2\/media?parent=5811"}],"wp:term":[{"taxonomy":"product_brand","embeddable":true,"href":"https:\/\/www.sinoglass.com\/fr\/wp-json\/wp\/v2\/product_brand?post=5811"},{"taxonomy":"product_cat","embeddable":true,"href":"https:\/\/www.sinoglass.com\/fr\/wp-json\/wp\/v2\/product_cat?post=5811"},{"taxonomy":"product_tag","embeddable":true,"href":"https:\/\/www.sinoglass.com\/fr\/wp-json\/wp\/v2\/product_tag?post=5811"}],"curies":[{"name":"WP","href":"https:\/\/api.w.org\/{rel}","templated":true}]}}