{"id":5794,"date":"2024-07-18T16:40:13","date_gmt":"2024-07-18T08:40:13","guid":{"rendered":"https:\/\/www.sinoglass.com\/?post_type=product&#038;p=5794"},"modified":"2024-07-18T17:22:57","modified_gmt":"2024-07-18T09:22:57","slug":"glass-manual-coffee-grinder","status":"publish","type":"product","link":"https:\/\/www.sinoglass.com\/fr\/product\/glass-manual-coffee-grinder\/","title":{"rendered":"Moulin \u00e0 caf\u00e9 manuel en verre #89550002"},"content":{"rendered":"<p>D\u00e8s le premier tour de la poign\u00e9e pliable, vous recevrez l\u2019ar\u00f4me du caf\u00e9 fra\u00eechement moulu. Le pot de taille plus petite est pour vous, et tiendra assez de terrain pour deux \u00e0 trois tasses. Vous pouvez pr\u00e9parer ce dont vous avez besoin pour le matin, puis sceller le pot avec un couvercle \u00e0 vis pour garder la saveur fra\u00eeche. La poign\u00e9e se plie pour \u00e9conomiser de l'espace dans votre armoire. Ajustez le broyage pour le caf\u00e9 que vous aimez, de la broyage fine pour goutte \u00e0 goutte, pour verser ou pour l'espresso, \u00e0 une broyage plus grossi\u00e8re pour votre presse fran\u00e7aise.<\/p>","protected":false},"excerpt":{"rendered":"<ul>\n<li>Poign\u00e9e pliable pour \u00e9conomiser de l'espace.<\/li>\n<li>S\u00e9parez le couvercle pour sceller le pot.<\/li>\n<li>M\u00e9canisme en c\u00e9ramique pour une broyage coh\u00e9rente.<\/li>\n<li>R\u00e9glable de fin \u00e0 grossier.<\/li>\n<\/ul>","protected":false},"featured_media":5799,"comment_status":"open","ping_status":"closed","template":"","meta":{"_acf_changed":false},"product_brand":[],"product_cat":[130,71],"product_tag":[],"class_list":{"0":"post-5794","1":"product","2":"type-product","3":"status-publish","4":"has-post-thumbnail","6":"product_cat-coffee-grinder","7":"product_cat-mills-grinders","9":"first","10":"instock","11":"shipping-taxable","12":"purchasable","13":"product-type-variable"},"acf":[],"_links":{"self":[{"href":"https:\/\/www.sinoglass.com\/fr\/wp-json\/wp\/v2\/product\/5794","targetHints":{"allow":["GET"]}}],"collection":[{"href":"https:\/\/www.sinoglass.com\/fr\/wp-json\/wp\/v2\/product"}],"about":[{"href":"https:\/\/www.sinoglass.com\/fr\/wp-json\/wp\/v2\/types\/product"}],"replies":[{"embeddable":true,"href":"https:\/\/www.sinoglass.com\/fr\/wp-json\/wp\/v2\/comments?post=5794"}],"wp:featuredmedia":[{"embeddable":true,"href":"https:\/\/www.sinoglass.com\/fr\/wp-json\/wp\/v2\/media\/5799"}],"wp:attachment":[{"href":"https:\/\/www.sinoglass.com\/fr\/wp-json\/wp\/v2\/media?parent=5794"}],"wp:term":[{"taxonomy":"product_brand","embeddable":true,"href":"https:\/\/www.sinoglass.com\/fr\/wp-json\/wp\/v2\/product_brand?post=5794"},{"taxonomy":"product_cat","embeddable":true,"href":"https:\/\/www.sinoglass.com\/fr\/wp-json\/wp\/v2\/product_cat?post=5794"},{"taxonomy":"product_tag","embeddable":true,"href":"https:\/\/www.sinoglass.com\/fr\/wp-json\/wp\/v2\/product_tag?post=5794"}],"curies":[{"name":"WP","href":"https:\/\/api.w.org\/{rel}","templated":true}]}}