{"id":5782,"date":"2024-07-18T16:36:20","date_gmt":"2024-07-18T08:36:20","guid":{"rendered":"https:\/\/www.sinoglass.com\/?post_type=product&#038;p=5782"},"modified":"2024-07-19T10:02:25","modified_gmt":"2024-07-19T02:02:25","slug":"glass-oil-dispenser-salad-dressing-shaker","status":"publish","type":"product","link":"https:\/\/www.sinoglass.com\/fr\/product\/glass-oil-dispenser-salad-dressing-shaker\/","title":{"rendered":"Distributeur d'huile en verre Salade Dressing Shaker #89491001"},"content":{"rendered":"<p>Ce n\u2019est pas juste une bouteille d\u2019huile. Lorsque vous attachez le b\u00e2ton de m\u00e9lange, il se transforme en une bouteille de shaker de salade. Il suffit d'ajouter diverses assaisonnements selon votre recette de salade, de couvrir avec le couvercle imperm\u00e9able, de saisir la bouteille mince et de la secouer en tournant \u00e0 gauche. <span style=\"font-family: georgia, palatino, serif;\">et<\/span> \u00e0 droite. Bient\u00f4t, vous&#8217; J'ai une d\u00e9licieuse salet\u00e9. Quel produit incroyable !<\/p>","protected":false},"excerpt":{"rendered":"<p>\u2022 Jar en verre de grande capacit\u00e9, parfait pour divertir.<br \/>\n\u2022 Recettes et \u00e9chelle de mesure imprim\u00e9es sur le pot.<br \/>\n\u2022 Le couvercle en acier inoxydable recouvre un bec en silicone anti-goutte-\u00e0-goutte.<br \/>\n\u2022 M\u00e9langeur en plastique facilement enlev\u00e9 pour le nettoyage.<\/p>","protected":false},"featured_media":5783,"comment_status":"open","ping_status":"closed","template":"","meta":{"_acf_changed":false},"product_brand":[],"product_cat":[105],"product_tag":[],"class_list":{"0":"post-5782","1":"product","2":"type-product","3":"status-publish","4":"has-post-thumbnail","6":"product_cat-salad-dressing-shaker","8":"first","9":"instock","10":"shipping-taxable","11":"purchasable","12":"product-type-variable"},"acf":[],"_links":{"self":[{"href":"https:\/\/www.sinoglass.com\/fr\/wp-json\/wp\/v2\/product\/5782","targetHints":{"allow":["GET"]}}],"collection":[{"href":"https:\/\/www.sinoglass.com\/fr\/wp-json\/wp\/v2\/product"}],"about":[{"href":"https:\/\/www.sinoglass.com\/fr\/wp-json\/wp\/v2\/types\/product"}],"replies":[{"embeddable":true,"href":"https:\/\/www.sinoglass.com\/fr\/wp-json\/wp\/v2\/comments?post=5782"}],"wp:featuredmedia":[{"embeddable":true,"href":"https:\/\/www.sinoglass.com\/fr\/wp-json\/wp\/v2\/media\/5783"}],"wp:attachment":[{"href":"https:\/\/www.sinoglass.com\/fr\/wp-json\/wp\/v2\/media?parent=5782"}],"wp:term":[{"taxonomy":"product_brand","embeddable":true,"href":"https:\/\/www.sinoglass.com\/fr\/wp-json\/wp\/v2\/product_brand?post=5782"},{"taxonomy":"product_cat","embeddable":true,"href":"https:\/\/www.sinoglass.com\/fr\/wp-json\/wp\/v2\/product_cat?post=5782"},{"taxonomy":"product_tag","embeddable":true,"href":"https:\/\/www.sinoglass.com\/fr\/wp-json\/wp\/v2\/product_tag?post=5782"}],"curies":[{"name":"WP","href":"https:\/\/api.w.org\/{rel}","templated":true}]}}