{"id":5553,"date":"2024-05-24T15:34:42","date_gmt":"2024-05-24T07:34:42","guid":{"rendered":"https:\/\/www.sinoglass.com\/?post_type=product&#038;p=5553"},"modified":"2024-05-24T16:24:07","modified_gmt":"2024-05-24T08:24:07","slug":"revolving-stainless-steel-spice-rack","status":"publish","type":"product","link":"https:\/\/www.sinoglass.com\/fr\/product\/revolving-stainless-steel-spice-rack\/","title":{"rendered":"Rack d'\u00e9pices en acier inoxydable tournant #79420004"},"content":{"rendered":"<p>L\u2019objectif id\u00e9al pour vos \u00e9pices est tout en un seul endroit et facilement accessible. ROUND ROBIN garde tous vos bocaux ronds d'\u00e9pices ensemble, et il vous suffit de faire tourner le rack pour trouver ce que vous voulez. Plus de stress d'aller dans diff\u00e9rents placards, tirant bouteille apr\u00e8s bouteille de l'\u00e9tag\u00e8re juste pour trouver la cannelle. Gardez-les tous ensemble, car sans stress est mieux.<\/p>","protected":false},"excerpt":{"rendered":"<ul>\n<li>Rack d'\u00e9pices rotatif en acier inoxydable.<\/li>\n<li>Convient dans un espace compact.<\/li>\n<li>Disponible pour 8-20 bocaux ronds d'\u00e9pices.<\/li>\n<\/ul>","protected":false},"featured_media":5557,"comment_status":"open","ping_status":"closed","template":"","meta":{"_acf_changed":false},"product_brand":[],"product_cat":[110,70,213],"product_tag":[],"class_list":{"0":"post-5553","1":"product","2":"type-product","3":"status-publish","4":"has-post-thumbnail","6":"product_cat-rotating-spice-rack","7":"product_cat-spice-racks","8":"product_cat-spice-rack-jars","10":"first","11":"instock","12":"shipping-taxable","13":"purchasable","14":"product-type-variable"},"acf":[],"_links":{"self":[{"href":"https:\/\/www.sinoglass.com\/fr\/wp-json\/wp\/v2\/product\/5553","targetHints":{"allow":["GET"]}}],"collection":[{"href":"https:\/\/www.sinoglass.com\/fr\/wp-json\/wp\/v2\/product"}],"about":[{"href":"https:\/\/www.sinoglass.com\/fr\/wp-json\/wp\/v2\/types\/product"}],"replies":[{"embeddable":true,"href":"https:\/\/www.sinoglass.com\/fr\/wp-json\/wp\/v2\/comments?post=5553"}],"wp:featuredmedia":[{"embeddable":true,"href":"https:\/\/www.sinoglass.com\/fr\/wp-json\/wp\/v2\/media\/5557"}],"wp:attachment":[{"href":"https:\/\/www.sinoglass.com\/fr\/wp-json\/wp\/v2\/media?parent=5553"}],"wp:term":[{"taxonomy":"product_brand","embeddable":true,"href":"https:\/\/www.sinoglass.com\/fr\/wp-json\/wp\/v2\/product_brand?post=5553"},{"taxonomy":"product_cat","embeddable":true,"href":"https:\/\/www.sinoglass.com\/fr\/wp-json\/wp\/v2\/product_cat?post=5553"},{"taxonomy":"product_tag","embeddable":true,"href":"https:\/\/www.sinoglass.com\/fr\/wp-json\/wp\/v2\/product_tag?post=5553"}],"curies":[{"name":"WP","href":"https:\/\/api.w.org\/{rel}","templated":true}]}}