{"id":5539,"date":"2024-05-24T10:25:46","date_gmt":"2024-05-24T02:25:46","guid":{"rendered":"https:\/\/www.sinoglass.com\/?post_type=product&#038;p=5539"},"modified":"2024-05-24T16:15:57","modified_gmt":"2024-05-24T08:15:57","slug":"stainless-steel-rotating-spice-rack","status":"publish","type":"product","link":"https:\/\/www.sinoglass.com\/fr\/product\/stainless-steel-rotating-spice-rack\/","title":{"rendered":"Rack d'\u00e9pices tournant en acier inoxydable #79342008"},"content":{"rendered":"<p>Les bouteilles d'\u00e9pices carr\u00e9es ont besoin d'une maison, un endroit o\u00f9 vous pouvez les trouver toutes ensemble. DIAMOND DISPLAY est la bonne maison pour 12-20 de vos bocaux carr\u00e9s pr\u00e9f\u00e9r\u00e9s d'\u00e9pices. Il suffit de tourner pour trouver ce dont vous avez besoin, ce qui est mieux que de tirer bouteille apr\u00e8s bouteille juste pour trouver une chose. Gardez ces bouteilles carr\u00e9es l\u00e0 o\u00f9 elles appartiennent et savez o\u00f9 elles sont en tout temps.<\/p>","protected":false},"excerpt":{"rendered":"<ul>\n<li>Rack d'\u00e9pices rotatif en acier inoxydable.<\/li>\n<li>Convient dans un espace compact.<\/li>\n<li>Disponible pour 12-20 pots d'\u00e9pices carr\u00e9s.<\/li>\n<\/ul>","protected":false},"featured_media":5541,"comment_status":"open","ping_status":"closed","template":"","meta":{"_acf_changed":false},"product_brand":[],"product_cat":[110,70,213],"product_tag":[],"class_list":{"0":"post-5539","1":"product","2":"type-product","3":"status-publish","4":"has-post-thumbnail","6":"product_cat-rotating-spice-rack","7":"product_cat-spice-racks","8":"product_cat-spice-rack-jars","10":"first","11":"instock","12":"shipping-taxable","13":"purchasable","14":"product-type-variable"},"acf":[],"_links":{"self":[{"href":"https:\/\/www.sinoglass.com\/fr\/wp-json\/wp\/v2\/product\/5539","targetHints":{"allow":["GET"]}}],"collection":[{"href":"https:\/\/www.sinoglass.com\/fr\/wp-json\/wp\/v2\/product"}],"about":[{"href":"https:\/\/www.sinoglass.com\/fr\/wp-json\/wp\/v2\/types\/product"}],"replies":[{"embeddable":true,"href":"https:\/\/www.sinoglass.com\/fr\/wp-json\/wp\/v2\/comments?post=5539"}],"wp:featuredmedia":[{"embeddable":true,"href":"https:\/\/www.sinoglass.com\/fr\/wp-json\/wp\/v2\/media\/5541"}],"wp:attachment":[{"href":"https:\/\/www.sinoglass.com\/fr\/wp-json\/wp\/v2\/media?parent=5539"}],"wp:term":[{"taxonomy":"product_brand","embeddable":true,"href":"https:\/\/www.sinoglass.com\/fr\/wp-json\/wp\/v2\/product_brand?post=5539"},{"taxonomy":"product_cat","embeddable":true,"href":"https:\/\/www.sinoglass.com\/fr\/wp-json\/wp\/v2\/product_cat?post=5539"},{"taxonomy":"product_tag","embeddable":true,"href":"https:\/\/www.sinoglass.com\/fr\/wp-json\/wp\/v2\/product_tag?post=5539"}],"curies":[{"name":"WP","href":"https:\/\/api.w.org\/{rel}","templated":true}]}}