{"id":5356,"date":"2024-04-30T11:24:43","date_gmt":"2024-04-30T03:24:43","guid":{"rendered":"https:\/\/www.sinoglass.com\/?post_type=product&#038;p=5356"},"modified":"2025-01-17T08:57:03","modified_gmt":"2025-01-17T00:57:03","slug":"oil-infuser-and-dispenser","status":"publish","type":"product","link":"https:\/\/www.sinoglass.com\/fr\/product\/oil-infuser-and-dispenser\/","title":{"rendered":"Infuseur et distributeur d'huile #89142001"},"content":{"rendered":"<p>Pour ajouter plus de saveur \u00e0 votre huile et au vinaigre, tout ce dont vous avez besoin est notre bouteille d'infuseur d'huile. Il suffit d'utiliser le joint du filtre pour garder les \u00e9pices \u00e0 l'int\u00e9rieur de la bouteille et de verser l'huile aromatis\u00e9e. Avec sa forme classique et \u00e9l\u00e9gante, son couvercle amovible et son bec r\u00e9sistant aux gouttes, c'est certainement un must-have pour votre cuisine.<\/p>","protected":false},"excerpt":{"rendered":"<ul>\n<li>2 en 1 conception, \u00eatre distributeur d'huile ou fabricant d'huile \u00e0 herbes.<\/li>\n<li>Ajouter des herbes, des \u00e9pices et de l'huile \u00e0 la bouteille de verre de borosilicate.<\/li>\n<li>\u00c9cran de filtre en plastique de qualit\u00e9 alimentaire attach\u00e9.<\/li>\n<li>Boit anti-goutte-\u00e0-goutte pour verser sans d\u00e9sordre.<\/li>\n<\/ul>","protected":false},"featured_media":5365,"comment_status":"open","ping_status":"closed","template":"","meta":{"_acf_changed":false},"product_brand":[],"product_cat":[69,107,250],"product_tag":[],"class_list":{"0":"post-5356","1":"product","2":"type-product","3":"status-publish","4":"has-post-thumbnail","6":"product_cat-oil-dispensers","7":"product_cat-oil-infuser-bottles","8":"product_cat-oil-vinegar-dispenser","10":"first","11":"instock","12":"shipping-taxable","13":"purchasable","14":"product-type-variable"},"acf":[],"_links":{"self":[{"href":"https:\/\/www.sinoglass.com\/fr\/wp-json\/wp\/v2\/product\/5356","targetHints":{"allow":["GET"]}}],"collection":[{"href":"https:\/\/www.sinoglass.com\/fr\/wp-json\/wp\/v2\/product"}],"about":[{"href":"https:\/\/www.sinoglass.com\/fr\/wp-json\/wp\/v2\/types\/product"}],"replies":[{"embeddable":true,"href":"https:\/\/www.sinoglass.com\/fr\/wp-json\/wp\/v2\/comments?post=5356"}],"wp:featuredmedia":[{"embeddable":true,"href":"https:\/\/www.sinoglass.com\/fr\/wp-json\/wp\/v2\/media\/5365"}],"wp:attachment":[{"href":"https:\/\/www.sinoglass.com\/fr\/wp-json\/wp\/v2\/media?parent=5356"}],"wp:term":[{"taxonomy":"product_brand","embeddable":true,"href":"https:\/\/www.sinoglass.com\/fr\/wp-json\/wp\/v2\/product_brand?post=5356"},{"taxonomy":"product_cat","embeddable":true,"href":"https:\/\/www.sinoglass.com\/fr\/wp-json\/wp\/v2\/product_cat?post=5356"},{"taxonomy":"product_tag","embeddable":true,"href":"https:\/\/www.sinoglass.com\/fr\/wp-json\/wp\/v2\/product_tag?post=5356"}],"curies":[{"name":"WP","href":"https:\/\/api.w.org\/{rel}","templated":true}]}}