{"id":5351,"date":"2024-04-30T11:07:17","date_gmt":"2024-04-30T03:07:17","guid":{"rendered":"https:\/\/www.sinoglass.com\/?post_type=product&#038;p=5351"},"modified":"2024-05-10T15:18:16","modified_gmt":"2024-05-10T07:18:16","slug":"olive-oil-mister-bottle","status":"publish","type":"product","link":"https:\/\/www.sinoglass.com\/fr\/product\/olive-oil-mister-bottle\/","title":{"rendered":"Bouteille d'huile d'olive Mister pour friteuse \u00e0 air #79240000"},"content":{"rendered":"<div>\n<p>Pour obtenir la distribution la plus uniforme de l'ar\u00f4me, vous avez besoin d'un MISTER T. Pompez la poign\u00e9e T am\u00e9lior\u00e9e \u00e0 la prise facile quelques fois pour pressuriser le mister non a\u00e9rosol, puis ajoutez uniformement toute la saveur que vous voulez. D\u00e9vissez le haut pour un remplissage et un nettoyage faciles.<\/p>\n<\/div>\n<p class=\"text-end\">","protected":false},"excerpt":{"rendered":"<p>Pour obtenir la distribution la plus uniforme de l'ar\u00f4me, vous avez besoin d'un MISTER T. Pompez la poign\u00e9e T am\u00e9lior\u00e9e \u00e0 la prise facile quelques fois pour pressuriser le mister non a\u00e9rosol, puis ajoutez uniformement toute la saveur que vous voulez. D\u00e9vissez le haut pour un remplissage et un nettoyage faciles.<\/p>","protected":false},"featured_media":5394,"comment_status":"open","ping_status":"closed","template":"","meta":{"_acf_changed":false},"product_brand":[],"product_cat":[99],"product_tag":[],"class_list":{"0":"post-5351","1":"product","2":"type-product","3":"status-publish","4":"has-post-thumbnail","6":"product_cat-oil-sprayers","8":"first","9":"instock","10":"shipping-taxable","11":"purchasable","12":"product-type-variable"},"acf":[],"_links":{"self":[{"href":"https:\/\/www.sinoglass.com\/fr\/wp-json\/wp\/v2\/product\/5351","targetHints":{"allow":["GET"]}}],"collection":[{"href":"https:\/\/www.sinoglass.com\/fr\/wp-json\/wp\/v2\/product"}],"about":[{"href":"https:\/\/www.sinoglass.com\/fr\/wp-json\/wp\/v2\/types\/product"}],"replies":[{"embeddable":true,"href":"https:\/\/www.sinoglass.com\/fr\/wp-json\/wp\/v2\/comments?post=5351"}],"wp:featuredmedia":[{"embeddable":true,"href":"https:\/\/www.sinoglass.com\/fr\/wp-json\/wp\/v2\/media\/5394"}],"wp:attachment":[{"href":"https:\/\/www.sinoglass.com\/fr\/wp-json\/wp\/v2\/media?parent=5351"}],"wp:term":[{"taxonomy":"product_brand","embeddable":true,"href":"https:\/\/www.sinoglass.com\/fr\/wp-json\/wp\/v2\/product_brand?post=5351"},{"taxonomy":"product_cat","embeddable":true,"href":"https:\/\/www.sinoglass.com\/fr\/wp-json\/wp\/v2\/product_cat?post=5351"},{"taxonomy":"product_tag","embeddable":true,"href":"https:\/\/www.sinoglass.com\/fr\/wp-json\/wp\/v2\/product_tag?post=5351"}],"curies":[{"name":"WP","href":"https:\/\/api.w.org\/{rel}","templated":true}]}}