{"id":5336,"date":"2024-04-29T17:50:06","date_gmt":"2024-04-29T09:50:06","guid":{"rendered":"https:\/\/www.sinoglass.com\/?post_type=product&#038;p=5336"},"modified":"2024-04-30T11:19:23","modified_gmt":"2024-04-30T03:19:23","slug":"olive-oil-sprayer","status":"publish","type":"product","link":"https:\/\/www.sinoglass.com\/fr\/product\/olive-oil-sprayer\/","title":{"rendered":"Pulv\u00e9risateur d'huile d'olive en verre pour cuisiner #89622000"},"content":{"rendered":"<div>\n<p>La saison du barbecue est l\u00e0, et l'huile est importante pour au moins deux raisons. Premi\u00e8rement, vous devez huiler la surface du grill pour que la viande ne colle pas. Deuxi\u00e8mement, parfois un peu d'huile maintient la viande humide et savoureuse. La fa\u00e7on la plus facile et la plus confortable de faire les deux est avec notre nouveau BBQ BUDDY monsieur. Vous n'avez pas besoin de brosser l'huile ou de vous rapprocher trop du grill. Un couple de presses fermes sur le couvercle donneront un r\u00e9sultat d\u00e9licieux. Excellent aussi pour les salades.<\/p>\n<\/div>\n<p class=\"text-end\">","protected":false},"excerpt":{"rendered":"<ul>\n<li>La conception de la bouteille courbe est facile \u00e0 maintenir.<\/li>\n<li>La pulv\u00e9risation forte et pr\u00e9cise donne le bon r\u00e9sultat.<\/li>\n<li>Couverture noire et en acier inoxydable.<\/li>\n<\/ul>","protected":false},"featured_media":5343,"comment_status":"open","ping_status":"closed","template":"","meta":{"_acf_changed":false},"product_brand":[],"product_cat":[99],"product_tag":[],"class_list":{"0":"post-5336","1":"product","2":"type-product","3":"status-publish","4":"has-post-thumbnail","6":"product_cat-oil-sprayers","8":"first","9":"instock","10":"shipping-taxable","11":"purchasable","12":"product-type-variable"},"acf":[],"_links":{"self":[{"href":"https:\/\/www.sinoglass.com\/fr\/wp-json\/wp\/v2\/product\/5336","targetHints":{"allow":["GET"]}}],"collection":[{"href":"https:\/\/www.sinoglass.com\/fr\/wp-json\/wp\/v2\/product"}],"about":[{"href":"https:\/\/www.sinoglass.com\/fr\/wp-json\/wp\/v2\/types\/product"}],"replies":[{"embeddable":true,"href":"https:\/\/www.sinoglass.com\/fr\/wp-json\/wp\/v2\/comments?post=5336"}],"wp:featuredmedia":[{"embeddable":true,"href":"https:\/\/www.sinoglass.com\/fr\/wp-json\/wp\/v2\/media\/5343"}],"wp:attachment":[{"href":"https:\/\/www.sinoglass.com\/fr\/wp-json\/wp\/v2\/media?parent=5336"}],"wp:term":[{"taxonomy":"product_brand","embeddable":true,"href":"https:\/\/www.sinoglass.com\/fr\/wp-json\/wp\/v2\/product_brand?post=5336"},{"taxonomy":"product_cat","embeddable":true,"href":"https:\/\/www.sinoglass.com\/fr\/wp-json\/wp\/v2\/product_cat?post=5336"},{"taxonomy":"product_tag","embeddable":true,"href":"https:\/\/www.sinoglass.com\/fr\/wp-json\/wp\/v2\/product_tag?post=5336"}],"curies":[{"name":"WP","href":"https:\/\/api.w.org\/{rel}","templated":true}]}}