{"id":5326,"date":"2024-04-29T16:43:37","date_gmt":"2024-04-29T08:43:37","guid":{"rendered":"https:\/\/www.sinoglass.com\/?post_type=product&#038;p=5326"},"modified":"2024-04-30T10:35:13","modified_gmt":"2024-04-30T02:35:13","slug":"cooking-oil-spray-bottle","status":"publish","type":"product","link":"https:\/\/www.sinoglass.com\/fr\/product\/cooking-oil-spray-bottle\/","title":{"rendered":"Bouteille de pulv\u00e9risation d'huile de cuisson en verre #7904A000"},"content":{"rendered":"<div>\n<p>La distribution m\u00eame des ar\u00f4mes est plus facile que jamais avec le BIG GRIP. Tenez le grand couvercle carr\u00e9 et pompez quelques coups pour pressuriser la bouteille, puis ajoutez de la saveur \u00e0 votre salade ou \u00e0 d'autres aliments.<\/p>\n<\/div>\n<p class=\"text-end\">","protected":false},"excerpt":{"rendered":"<ul>\n<li>Pressurisateur non a\u00e9rosol efficace et facile \u00e0 utiliser.<\/li>\n<li>Tenez le grand couvercle carr\u00e9 et pompez quelques coups pour pressuriser la bouteille.<\/li>\n<li>Facile \u00e0 faire brouillard par la pompe, puis ajoutez de la saveur \u00e0 votre salade.<\/li>\n<\/ul>","protected":false},"featured_media":5329,"comment_status":"open","ping_status":"closed","template":"","meta":{"_acf_changed":false},"product_brand":[],"product_cat":[99],"product_tag":[],"class_list":{"0":"post-5326","1":"product","2":"type-product","3":"status-publish","4":"has-post-thumbnail","6":"product_cat-oil-sprayers","8":"first","9":"instock","10":"shipping-taxable","11":"purchasable","12":"product-type-variable"},"acf":[],"_links":{"self":[{"href":"https:\/\/www.sinoglass.com\/fr\/wp-json\/wp\/v2\/product\/5326","targetHints":{"allow":["GET"]}}],"collection":[{"href":"https:\/\/www.sinoglass.com\/fr\/wp-json\/wp\/v2\/product"}],"about":[{"href":"https:\/\/www.sinoglass.com\/fr\/wp-json\/wp\/v2\/types\/product"}],"replies":[{"embeddable":true,"href":"https:\/\/www.sinoglass.com\/fr\/wp-json\/wp\/v2\/comments?post=5326"}],"wp:featuredmedia":[{"embeddable":true,"href":"https:\/\/www.sinoglass.com\/fr\/wp-json\/wp\/v2\/media\/5329"}],"wp:attachment":[{"href":"https:\/\/www.sinoglass.com\/fr\/wp-json\/wp\/v2\/media?parent=5326"}],"wp:term":[{"taxonomy":"product_brand","embeddable":true,"href":"https:\/\/www.sinoglass.com\/fr\/wp-json\/wp\/v2\/product_brand?post=5326"},{"taxonomy":"product_cat","embeddable":true,"href":"https:\/\/www.sinoglass.com\/fr\/wp-json\/wp\/v2\/product_cat?post=5326"},{"taxonomy":"product_tag","embeddable":true,"href":"https:\/\/www.sinoglass.com\/fr\/wp-json\/wp\/v2\/product_tag?post=5326"}],"curies":[{"name":"WP","href":"https:\/\/api.w.org\/{rel}","templated":true}]}}