{"id":5315,"date":"2024-04-29T15:09:14","date_gmt":"2024-04-29T07:09:14","guid":{"rendered":"https:\/\/www.sinoglass.com\/?post_type=product&#038;p=5315"},"modified":"2025-01-17T08:58:51","modified_gmt":"2025-01-17T00:58:51","slug":"olive-oil-and-vinegar-set","status":"publish","type":"product","link":"https:\/\/www.sinoglass.com\/fr\/product\/olive-oil-and-vinegar-set\/","title":{"rendered":"Ensemble d'huile d'olive et de vinaigre #8767A000"},"content":{"rendered":"<div>\n<p>La conception de la bouteille facile \u00e0 attraper permet non seulement une utilisation sans effort, mais, lorsqu'elle est associ\u00e9e au support d'accompagnement, elle \u00e9conomise \u00e9galement de l'espace. La poign\u00e9e sur l'\u00e9tag\u00e8re vous permet de le transporter facilement, vous assurant que le plaisir de cuisiner ne sera jamais manqu\u00e9 dans votre cour, en plein air ou lors de voyages de camping.<\/p>\n<\/div>\n<p class=\"text-end\">","protected":false},"excerpt":{"rendered":"<ul>\n<li>Bouteille en forme pour une manipulation facile, stockage compact.<\/li>\n<li>Choix d'un ensemble qui combine deux bouteilles et un \u00e9tag\u00e8re m\u00e9tallique robuste.<\/li>\n<li>Le couvercle se ferme sur un bec anti-goutte-\u00e0-goutte pour un joint \u00e9tanche.<\/li>\n<li>Couverture stell inoxydable avec joint en silicone de qualit\u00e9 alimentaire.<\/li>\n<\/ul>","protected":false},"featured_media":5317,"comment_status":"open","ping_status":"closed","template":"","meta":{"_acf_changed":false},"product_brand":[],"product_cat":[69,250],"product_tag":[],"class_list":{"0":"post-5315","1":"product","2":"type-product","3":"status-publish","4":"has-post-thumbnail","6":"product_cat-oil-dispensers","7":"product_cat-oil-vinegar-dispenser","9":"first","10":"instock","11":"shipping-taxable","12":"purchasable","13":"product-type-variable"},"acf":[],"_links":{"self":[{"href":"https:\/\/www.sinoglass.com\/fr\/wp-json\/wp\/v2\/product\/5315","targetHints":{"allow":["GET"]}}],"collection":[{"href":"https:\/\/www.sinoglass.com\/fr\/wp-json\/wp\/v2\/product"}],"about":[{"href":"https:\/\/www.sinoglass.com\/fr\/wp-json\/wp\/v2\/types\/product"}],"replies":[{"embeddable":true,"href":"https:\/\/www.sinoglass.com\/fr\/wp-json\/wp\/v2\/comments?post=5315"}],"wp:featuredmedia":[{"embeddable":true,"href":"https:\/\/www.sinoglass.com\/fr\/wp-json\/wp\/v2\/media\/5317"}],"wp:attachment":[{"href":"https:\/\/www.sinoglass.com\/fr\/wp-json\/wp\/v2\/media?parent=5315"}],"wp:term":[{"taxonomy":"product_brand","embeddable":true,"href":"https:\/\/www.sinoglass.com\/fr\/wp-json\/wp\/v2\/product_brand?post=5315"},{"taxonomy":"product_cat","embeddable":true,"href":"https:\/\/www.sinoglass.com\/fr\/wp-json\/wp\/v2\/product_cat?post=5315"},{"taxonomy":"product_tag","embeddable":true,"href":"https:\/\/www.sinoglass.com\/fr\/wp-json\/wp\/v2\/product_tag?post=5315"}],"curies":[{"name":"WP","href":"https:\/\/api.w.org\/{rel}","templated":true}]}}