{"id":5309,"date":"2024-04-29T14:48:43","date_gmt":"2024-04-29T06:48:43","guid":{"rendered":"https:\/\/www.sinoglass.com\/?post_type=product&#038;p=5309"},"modified":"2025-01-17T08:59:04","modified_gmt":"2025-01-17T00:59:04","slug":"olive-oil-bottles-wholesale","status":"publish","type":"product","link":"https:\/\/www.sinoglass.com\/fr\/product\/olive-oil-bottles-wholesale\/","title":{"rendered":"Bouteilles d'huile d'olive italiennes classiques en gros #8979000"},"content":{"rendered":"<div>\n<p>Bouteille italienne classique d'huile et de vinaigre avec des \u00e9tiquettes en acier inoxydable grav\u00e9es avec &#8220; huile&#8221;  and &#8220; vinaigre&#8221; Nous l'avons \u00e9galement jumel\u00e9 \u00e0 un bec en acier inoxydable avec un couvercle, con\u00e7u pour \u00e9viter les gouttes et assurer la durabilit\u00e9. Un classique intemporel qui ne sort jamais de la mode.<\/p>\n<\/div>\n<p class=\"text-end\">","protected":false},"excerpt":{"rendered":"<ul>\n<li>Design italien classique avec \u00e9tiquette en acier. Deux bouteilles un ensemble avec un support m\u00e9tallique robuste.<\/li>\n<li>Le bec de versement simple a une pointe anti-goutte-\u00e0-goutte.<\/li>\n<li>Bouteille de verre carr\u00e9e durable<\/li>\n<\/ul>","protected":false},"featured_media":5311,"comment_status":"open","ping_status":"closed","template":"","meta":{"_acf_changed":false},"product_brand":[],"product_cat":[69,250],"product_tag":[],"class_list":{"0":"post-5309","1":"product","2":"type-product","3":"status-publish","4":"has-post-thumbnail","6":"product_cat-oil-dispensers","7":"product_cat-oil-vinegar-dispenser","9":"first","10":"instock","11":"shipping-taxable","12":"purchasable","13":"product-type-variable"},"acf":[],"_links":{"self":[{"href":"https:\/\/www.sinoglass.com\/fr\/wp-json\/wp\/v2\/product\/5309","targetHints":{"allow":["GET"]}}],"collection":[{"href":"https:\/\/www.sinoglass.com\/fr\/wp-json\/wp\/v2\/product"}],"about":[{"href":"https:\/\/www.sinoglass.com\/fr\/wp-json\/wp\/v2\/types\/product"}],"replies":[{"embeddable":true,"href":"https:\/\/www.sinoglass.com\/fr\/wp-json\/wp\/v2\/comments?post=5309"}],"wp:featuredmedia":[{"embeddable":true,"href":"https:\/\/www.sinoglass.com\/fr\/wp-json\/wp\/v2\/media\/5311"}],"wp:attachment":[{"href":"https:\/\/www.sinoglass.com\/fr\/wp-json\/wp\/v2\/media?parent=5309"}],"wp:term":[{"taxonomy":"product_brand","embeddable":true,"href":"https:\/\/www.sinoglass.com\/fr\/wp-json\/wp\/v2\/product_brand?post=5309"},{"taxonomy":"product_cat","embeddable":true,"href":"https:\/\/www.sinoglass.com\/fr\/wp-json\/wp\/v2\/product_cat?post=5309"},{"taxonomy":"product_tag","embeddable":true,"href":"https:\/\/www.sinoglass.com\/fr\/wp-json\/wp\/v2\/product_tag?post=5309"}],"curies":[{"name":"WP","href":"https:\/\/api.w.org\/{rel}","templated":true}]}}