{"id":5297,"date":"2024-04-29T14:16:03","date_gmt":"2024-04-29T06:16:03","guid":{"rendered":"https:\/\/www.sinoglass.com\/?post_type=product&#038;p=5297"},"modified":"2025-01-17T08:59:24","modified_gmt":"2025-01-17T00:59:24","slug":"oil-bottle-for-kitchen","status":"publish","type":"product","link":"https:\/\/www.sinoglass.com\/fr\/product\/oil-bottle-for-kitchen\/","title":{"rendered":"Bouteille d'huile \u00e0 retour automatique pour cuisine #89042001"},"content":{"rendered":"<div>\n<p>Comment \u00e9liminer le tracas des d\u00e9versements de p\u00e9trole tout en jouissant de la joie de cuisiner? Choisissez notre bouteille d'huile auto-flip gravit\u00e9! La bouteille s'ouvre automatiquement lorsque l'huile est vers\u00e9e et se ferme automatiquement lorsqu'elle est debout, gardant l'int\u00e9rieur propre.<\/p>\n<\/div>\n<p class=\"text-end\">","protected":false},"excerpt":{"rendered":"<ul>\n<li>Choix d'un ensemble qui combine deux bouteilles et un \u00e9tag\u00e8re m\u00e9tallique robuste.<\/li>\n<li>Le couvercle gravitationnel unique s'ouvre et se ferme automatiquement pour une op\u00e9ration \u00e0 une seule main.<\/li>\n<li>Le bec anti-goutte-\u00e0-goutte maintient la bouteille propre.<\/li>\n<li>Seal en silicone.<\/li>\n<\/ul>","protected":false},"featured_media":5302,"comment_status":"open","ping_status":"closed","template":"","meta":{"_acf_changed":false},"product_brand":[],"product_cat":[69,250],"product_tag":[],"class_list":{"0":"post-5297","1":"product","2":"type-product","3":"status-publish","4":"has-post-thumbnail","6":"product_cat-oil-dispensers","7":"product_cat-oil-vinegar-dispenser","9":"first","10":"instock","11":"shipping-taxable","12":"purchasable","13":"product-type-variable"},"acf":[],"_links":{"self":[{"href":"https:\/\/www.sinoglass.com\/fr\/wp-json\/wp\/v2\/product\/5297","targetHints":{"allow":["GET"]}}],"collection":[{"href":"https:\/\/www.sinoglass.com\/fr\/wp-json\/wp\/v2\/product"}],"about":[{"href":"https:\/\/www.sinoglass.com\/fr\/wp-json\/wp\/v2\/types\/product"}],"replies":[{"embeddable":true,"href":"https:\/\/www.sinoglass.com\/fr\/wp-json\/wp\/v2\/comments?post=5297"}],"wp:featuredmedia":[{"embeddable":true,"href":"https:\/\/www.sinoglass.com\/fr\/wp-json\/wp\/v2\/media\/5302"}],"wp:attachment":[{"href":"https:\/\/www.sinoglass.com\/fr\/wp-json\/wp\/v2\/media?parent=5297"}],"wp:term":[{"taxonomy":"product_brand","embeddable":true,"href":"https:\/\/www.sinoglass.com\/fr\/wp-json\/wp\/v2\/product_brand?post=5297"},{"taxonomy":"product_cat","embeddable":true,"href":"https:\/\/www.sinoglass.com\/fr\/wp-json\/wp\/v2\/product_cat?post=5297"},{"taxonomy":"product_tag","embeddable":true,"href":"https:\/\/www.sinoglass.com\/fr\/wp-json\/wp\/v2\/product_tag?post=5297"}],"curies":[{"name":"WP","href":"https:\/\/api.w.org\/{rel}","templated":true}]}}