{"id":5286,"date":"2024-04-29T13:38:11","date_gmt":"2024-04-29T05:38:11","guid":{"rendered":"https:\/\/www.sinoglass.com\/?post_type=product&#038;p=5286"},"modified":"2025-01-17T08:59:32","modified_gmt":"2025-01-17T00:59:32","slug":"cooking-oil-container-with-spout","status":"publish","type":"product","link":"https:\/\/www.sinoglass.com\/fr\/product\/cooking-oil-container-with-spout\/","title":{"rendered":"Conteneur d'huile de cuisson avec bec #78962001"},"content":{"rendered":"<p>Comme son cousin, le GARY, le BRUNO a un capuchon \u00e0 un doigt qui clique pour ouvrir et sceller. Le BRUNO combine confort et force avec un design large et robuste.<\/p>","protected":false},"excerpt":{"rendered":"<ul>\n<li>Choix d'un ensemble qui combine deux bouteilles et un \u00e9tag\u00e8re m\u00e9tallique robuste.<\/li>\n<li>Le capuchon \u00e0 levier actionn\u00e9 par un doigt clique pour ouvrir et sceller.<\/li>\n<li>Boit de versement sans goutte \u00e0 goutte.<\/li>\n<\/ul>","protected":false},"featured_media":5288,"comment_status":"open","ping_status":"closed","template":"","meta":{"_acf_changed":false},"product_brand":[],"product_cat":[69,250],"product_tag":[],"class_list":{"0":"post-5286","1":"product","2":"type-product","3":"status-publish","4":"has-post-thumbnail","6":"product_cat-oil-dispensers","7":"product_cat-oil-vinegar-dispenser","9":"first","10":"instock","11":"shipping-taxable","12":"purchasable","13":"product-type-variable"},"acf":[],"_links":{"self":[{"href":"https:\/\/www.sinoglass.com\/fr\/wp-json\/wp\/v2\/product\/5286","targetHints":{"allow":["GET"]}}],"collection":[{"href":"https:\/\/www.sinoglass.com\/fr\/wp-json\/wp\/v2\/product"}],"about":[{"href":"https:\/\/www.sinoglass.com\/fr\/wp-json\/wp\/v2\/types\/product"}],"replies":[{"embeddable":true,"href":"https:\/\/www.sinoglass.com\/fr\/wp-json\/wp\/v2\/comments?post=5286"}],"wp:featuredmedia":[{"embeddable":true,"href":"https:\/\/www.sinoglass.com\/fr\/wp-json\/wp\/v2\/media\/5288"}],"wp:attachment":[{"href":"https:\/\/www.sinoglass.com\/fr\/wp-json\/wp\/v2\/media?parent=5286"}],"wp:term":[{"taxonomy":"product_brand","embeddable":true,"href":"https:\/\/www.sinoglass.com\/fr\/wp-json\/wp\/v2\/product_brand?post=5286"},{"taxonomy":"product_cat","embeddable":true,"href":"https:\/\/www.sinoglass.com\/fr\/wp-json\/wp\/v2\/product_cat?post=5286"},{"taxonomy":"product_tag","embeddable":true,"href":"https:\/\/www.sinoglass.com\/fr\/wp-json\/wp\/v2\/product_tag?post=5286"}],"curies":[{"name":"WP","href":"https:\/\/api.w.org\/{rel}","templated":true}]}}